{"id":1112,"date":"2022-08-05T15:37:30","date_gmt":"2022-08-05T18:37:30","guid":{"rendered":"http:\/\/localhost\/celi\/site\/?page_id=1112"},"modified":"2022-09-22T16:25:14","modified_gmt":"2022-09-22T19:25:14","slug":"elementor-1112","status":"publish","type":"page","link":"https:\/\/celi.cefet-rj.br\/?page_id=1112","title":{"rendered":"Etarserra"},"content":{"rendered":"\t\t<div data-elementor-type=\"wp-post\" data-elementor-id=\"1112\" class=\"elementor elementor-1112 elementor-bc-flex-widget\">\n\t\t\t\t\t\t<section class=\"elementor-section elementor-top-section elementor-element elementor-element-4faf272 elementor-hidden-tablet elementor-hidden-phone elementor-section-boxed elementor-section-height-default elementor-section-height-default\" data-id=\"4faf272\" data-element_type=\"section\">\n\t\t\t\t\t\t<div class=\"elementor-container elementor-column-gap-default\">\n\t\t\t\t\t<div class=\"elementor-column elementor-col-33 elementor-top-column elementor-element elementor-element-4cb881d\" data-id=\"4cb881d\" data-element_type=\"column\">\n\t\t\t<div class=\"elementor-widget-wrap elementor-element-populated\">\n\t\t\t\t\t\t<div class=\"elementor-element elementor-element-dae8ff4 elementor-widget elementor-widget-wp-widget-nav_menu\" data-id=\"dae8ff4\" data-element_type=\"widget\" data-widget_type=\"wp-widget-nav_menu.default\">\n\t\t\t\t<div class=\"elementor-widget-container\">\n\t\t\t\t\t<div class=\"menu-publicacoes-container\"><ul id=\"menu-publicacoes\" class=\"menu\"><li id=\"menu-item-1140\" class=\"menu-item menu-item-type-post_type menu-item-object-page current_page_parent menu-item-1140\"><a href=\"https:\/\/celi.cefet-rj.br\/?page_id=918\">\u00daltimas Not\u00edcias<\/a><\/li>\n<li id=\"menu-item-1137\" class=\"menu-item menu-item-type-post_type menu-item-object-page menu-item-1137\"><a href=\"https:\/\/celi.cefet-rj.br\/?page_id=922\">Quem Somos<\/a><\/li>\n<li id=\"menu-item-1129\" class=\"menu-item menu-item-type-post_type menu-item-object-page menu-item-1129\"><a href=\"https:\/\/celi.cefet-rj.br\/?page_id=485\">Projetos<\/a><\/li>\n<li id=\"menu-item-1125\" class=\"menu-item menu-item-type-post_type menu-item-object-page menu-item-1125\"><a href=\"https:\/\/celi.cefet-rj.br\/?page_id=925\">Eventos<\/a><\/li>\n<li id=\"menu-item-1123\" class=\"menu-item menu-item-type-post_type menu-item-object-page menu-item-1123\"><a href=\"https:\/\/celi.cefet-rj.br\/?page_id=928\">A\u00e7\u00f5es de Extens\u00e3o<\/a><\/li>\n<li id=\"menu-item-1124\" class=\"menu-item menu-item-type-post_type menu-item-object-page menu-item-1124\"><a href=\"https:\/\/celi.cefet-rj.br\/?page_id=931\">Certificados e Declara\u00e7\u00f5es<\/a><\/li>\n<li id=\"menu-item-1130\" class=\"menu-item menu-item-type-post_type menu-item-object-page menu-item-has-children menu-item-1130\"><a href=\"https:\/\/celi.cefet-rj.br\/?page_id=934\">Publica\u00e7\u00f5es<\/a>\n<ul class=\"sub-menu\">\n\t<li id=\"menu-item-1131\" class=\"menu-item menu-item-type-post_type menu-item-object-page menu-item-1131\"><a href=\"https:\/\/celi.cefet-rj.br\/?page_id=56\">B\u00fassola Acad\u00eamica<\/a><\/li>\n\t<li id=\"menu-item-1132\" class=\"menu-item menu-item-type-post_type menu-item-object-page menu-item-1132\"><a href=\"https:\/\/celi.cefet-rj.br\/?page_id=1103\">Cap\u00edtulo de Livro\/UFAL<\/a><\/li>\n\t<li id=\"menu-item-1136\" class=\"menu-item menu-item-type-post_type menu-item-object-page menu-item-1136\"><a href=\"https:\/\/celi.cefet-rj.br\/?page_id=1106\">Resumos SEPEX<\/a><\/li>\n\t<li id=\"menu-item-1134\" class=\"menu-item menu-item-type-post_type menu-item-object-page menu-item-1134\"><a href=\"https:\/\/celi.cefet-rj.br\/?page_id=1109\">CBEU<\/a><\/li>\n\t<li id=\"menu-item-1135\" class=\"menu-item menu-item-type-post_type menu-item-object-page menu-item-1135\"><a href=\"https:\/\/celi.cefet-rj.br\/?page_id=1112\">Etarserra<\/a><\/li>\n\t<li id=\"menu-item-1133\" class=\"menu-item menu-item-type-post_type menu-item-object-page menu-item-1133\"><a href=\"https:\/\/celi.cefet-rj.br\/?page_id=1115\">Cartilhas Inca<\/a><\/li>\n<\/ul>\n<\/li>\n<li id=\"menu-item-1330\" class=\"menu-item menu-item-type-custom menu-item-object-custom menu-item-1330\"><a href=\"http:\/\/celi.cefet-rj.br\/concursos\">Inscri\u00e7\u00f5es<\/a><\/li>\n<li id=\"menu-item-1128\" class=\"menu-item menu-item-type-post_type menu-item-object-page menu-item-1128\"><a href=\"https:\/\/celi.cefet-rj.br\/?page_id=940\">Nossos Colaboradores<\/a><\/li>\n<li id=\"menu-item-1138\" class=\"menu-item menu-item-type-post_type menu-item-object-page menu-item-1138\"><a href=\"https:\/\/celi.cefet-rj.br\/?page_id=943\">Quero Ser Um Bolsista<\/a><\/li>\n<li id=\"menu-item-1139\" class=\"menu-item menu-item-type-post_type menu-item-object-page menu-item-1139\"><a href=\"https:\/\/celi.cefet-rj.br\/?page_id=946\">Quero Ser Um Volut\u00e1rio<\/a><\/li>\n<li id=\"menu-item-1126\" class=\"menu-item menu-item-type-post_type menu-item-object-page menu-item-1126\"><a href=\"https:\/\/celi.cefet-rj.br\/?page_id=959\">Fale Conosco<\/a><\/li>\n<\/ul><\/div>\t\t\t\t<\/div>\n\t\t\t\t<\/div>\n\t\t\t\t\t<\/div>\n\t\t<\/div>\n\t\t\t\t<div class=\"elementor-column elementor-col-66 elementor-top-column elementor-element elementor-element-ae962dc\" data-id=\"ae962dc\" data-element_type=\"column\">\n\t\t\t<div class=\"elementor-widget-wrap elementor-element-populated\">\n\t\t\t\t\t\t<div class=\"elementor-element elementor-element-14d9ac6 elementor-widget elementor-widget-text-editor\" data-id=\"14d9ac6\" data-element_type=\"widget\" data-widget_type=\"text-editor.default\">\n\t\t\t\t<div class=\"elementor-widget-container\">\n\t\t\t\t\t\t\t\t\t<p>Fusce euismod nisl id leo fringilla finibus a nec risus. Cras tortor mi, sodales ut bibendum a, lobortis et elit. Phasellus finibus faucibus leo. Aliquam semper non felis eget ullamcorper. Class aptent taciti sociosqu ad litora torquent per conubia nostra, per inceptos himenaeos. Sed libero augue, auctor et sem ut, pharetra tincidunt diam. Sed volutpat arcu tortor, eu gravida erat blandit quis. Duis auctor risus vel enim venenatis, in tempus magna iaculis. Ut quis rhoncus ipsum. Integer metus ipsum, hendrerit et neque eget, eleifend posuere lectus. Pellentesque gravida, ligula a condimentum ullamcorper, dolor diam semper nisi, id rhoncus nisl velit vitae tellus.<\/p>\t\t\t\t\t\t\t\t<\/div>\n\t\t\t\t<\/div>\n\t\t\t\t\t<\/div>\n\t\t<\/div>\n\t\t\t\t\t<\/div>\n\t\t<\/section>\n\t\t\t\t<section class=\"elementor-section elementor-top-section elementor-element elementor-element-68be13d elementor-hidden-desktop elementor-section-boxed elementor-section-height-default elementor-section-height-default\" data-id=\"68be13d\" data-element_type=\"section\">\n\t\t\t\t\t\t<div class=\"elementor-container elementor-column-gap-default\">\n\t\t\t\t\t<div class=\"elementor-column elementor-col-100 elementor-top-column elementor-element elementor-element-aabc72a\" data-id=\"aabc72a\" data-element_type=\"column\">\n\t\t\t<div class=\"elementor-widget-wrap elementor-element-populated\">\n\t\t\t\t\t\t<div class=\"elementor-element elementor-element-57fcc2c elementor-widget elementor-widget-toggle\" data-id=\"57fcc2c\" data-element_type=\"widget\" data-widget_type=\"toggle.default\">\n\t\t\t\t<div class=\"elementor-widget-container\">\n\t\t\t\t\t\t\t<div class=\"elementor-toggle\">\n\t\t\t\t\t\t\t<div class=\"elementor-toggle-item\">\n\t\t\t\t\t<div id=\"elementor-tab-title-9221\" class=\"elementor-tab-title\" data-tab=\"1\" role=\"button\" aria-controls=\"elementor-tab-content-9221\" aria-expanded=\"false\">\n\t\t\t\t\t\t\t\t\t\t\t\t<span class=\"elementor-toggle-icon elementor-toggle-icon-left\" aria-hidden=\"true\">\n\t\t\t\t\t\t\t\t\t\t\t\t\t\t\t<i class=\"elementor-toggle-icon-closed fa fa-list\"><\/i>\n\t\t\t\t\t\t\t\t<i class=\"elementor-toggle-icon-opened fa fa-list\"><\/i>\n\t\t\t\t\t\t\t\t\t\t\t\t\t<\/span>\n\t\t\t\t\t\t\t\t\t\t\t\t<a class=\"elementor-toggle-title\" tabindex=\"0\">Menu<\/a>\n\t\t\t\t\t<\/div>\n\n\t\t\t\t\t<div id=\"elementor-tab-content-9221\" class=\"elementor-tab-content elementor-clearfix\" data-tab=\"1\" role=\"region\" aria-labelledby=\"elementor-tab-title-9221\"><ul><li><a href=\"..\/site\/?page_id=918\">\u00daltimas Not\u00edcias<\/a><\/li><li><a href=\"..\/site\/?page_id=922\">Quem Somos<\/a><ul><li><a href=\"..\/site\/?page_id=976\">Hist\u00f3rico<\/a><\/li><li><a href=\"..\/site\/?page_id=979\">Filosofia do CELi<\/a><\/li><li><a href=\"..\/site\/?page_id=982\">Objetivos<\/a><\/li><li><a href=\"..\/site\/?page_id=985\">P\u00fablico-Alvo<\/a><\/li><li><a href=\"..\/site\/?page_id=988\">Estat\u00edsticas<\/a><\/li><li><a href=\"..\/site\/?page_id=991\">Organograma<\/a><\/li><\/ul><\/li><li><a href=\"..\/site\/?page_id=485\">Projetos<\/a><ul><li><a href=\"..\/site\/?page_id=51\">Olhos Meus<\/a><\/li><li><a href=\"..\/site\/?page_id=1258\">Projeto de L\u00ednguas<\/a><\/li><\/ul><\/li><li><a href=\"..\/site\/?page_id=925\">Eventos<\/a><ul><li><a href=\"..\/site\/?page_id=1034\">Eventos Atuais<\/a><\/li><li><a href=\"..\/site\/?page_id=1037\">Edi\u00e7\u00f5es<\/a><\/li><li><a href=\"..\/site\/?page_id=1040\">Galerias<\/a><\/li><li><a href=\"..\/site\/?page_id=1043\">Programa\u00e7\u00f5es<\/a><\/li><\/ul><\/li><li><a href=\"..\/site\/?page_id=928\">A\u00e7\u00f5es de Extens\u00e3o<\/a><\/li><li><a href=\"..\/celi\/site\/?page_id=931\">Certificados e Declra\u00e7\u00f5es<\/a><\/li><li><a href=\"..\/site\/?page_id=934\">Publica\u00e7\u00f5es<\/a><ul><li><a href=\"..\/site\/?page_id=56\">B\u00fassola Acad\u00eamica<\/a><\/li><li><a href=\"..\/site\/?page_id=1103\">Cap\u00edtulo de Livro\/UFAL<\/a><\/li><li><a href=\"..\/site\/?page_id=1106\">Resumos SEPEX<\/a><\/li><li><a href=\"..\/site\/?page_id=1109\">CBEU<\/a><\/li><li><a href=\"..\/site\/?page_id=1112\">Etarserra<\/a><\/li><li><a href=\"..\/site\/?page_id=1115\">Cartilhas Inca<\/a><\/li><\/ul><\/li><li><a href=\"http:\/\/celi.cefet-rj.br\/concursos\">Inscri\u00e7\u00f5es<\/a><\/li><li><a href=\"..\/site\/?page_id=940\">Nossos Colaboradores<\/a><\/li><li><a href=\"..\/site\/?page_id=943\">Quero Ser Um Bolsista<\/a><ul><li><a href=\"..\/site\/?page_id=1174\">O que faz um Bolsista<\/a><\/li><li><a href=\"..\/site\/?page_id=1177\">Bolsa PBEXT<\/a><\/li><li><a href=\"..\/site\/?page_id=1180\">Edital do Ano Atual<\/a><\/li><\/ul><\/li><li><a href=\"..\/site\/?page_id=946\">Quero Ser Um Volunt\u00e1rio<\/a><ul><li><a href=\"..\/site\/?page_id=1205\">O que faz um Volunt\u00e1rio<\/a><\/li><li><a href=\"..\/site\/?page_id=1208\">Como Proceder<\/a><\/li><\/ul><\/li><li><a href=\"..\/site\/?page_id=959\">Fale Conosco<\/a><\/li><\/ul><\/div>\n\t\t\t\t<\/div>\n\t\t\t\t\t\t\t\t<\/div>\n\t\t\t\t\t\t<\/div>\n\t\t\t\t<\/div>\n\t\t\t\t<div class=\"elementor-element elementor-element-e7d349f elementor-widget elementor-widget-text-editor\" data-id=\"e7d349f\" data-element_type=\"widget\" data-widget_type=\"text-editor.default\">\n\t\t\t\t<div class=\"elementor-widget-container\">\n\t\t\t\t\t\t\t\t\t<p>Fusce euismod nisl id leo fringilla finibus a nec risus. Cras tortor mi, sodales ut bibendum a, lobortis et elit. Phasellus finibus faucibus leo. Aliquam semper non felis eget ullamcorper. Class aptent taciti sociosqu ad litora torquent per conubia nostra, per inceptos himenaeos. Sed libero augue, auctor et sem ut, pharetra tincidunt diam. Sed volutpat arcu tortor, eu gravida erat blandit quis. Duis auctor risus vel enim venenatis, in tempus magna iaculis. Ut quis rhoncus ipsum. Integer metus ipsum, hendrerit et neque eget, eleifend posuere lectus. Pellentesque gravida, ligula a condimentum ullamcorper, dolor diam semper nisi, id rhoncus nisl velit vitae tellus.<\/p>\t\t\t\t\t\t\t\t<\/div>\n\t\t\t\t<\/div>\n\t\t\t\t\t<\/div>\n\t\t<\/div>\n\t\t\t\t\t<\/div>\n\t\t<\/section>\n\t\t\t\t<\/div>\n\t\t","protected":false},"excerpt":{"rendered":"<p>Fusce euismod nisl id leo fringilla finibus a nec risus. Cras tortor mi, sodales ut bibendum a, lobortis et elit. Phasellus finibus faucibus leo. Aliquam semper non felis eget ullamcorper. Class aptent taciti sociosqu ad litora torquent per conubia nostra, per inceptos himenaeos. Sed libero augue, auctor et sem ut, pharetra tincidunt diam. Sed volutpat [&hellip;]<\/p>\n","protected":false},"author":1,"featured_media":0,"parent":934,"menu_order":0,"comment_status":"closed","ping_status":"closed","template":"","meta":{"footnotes":""},"class_list":["post-1112","page","type-page","status-publish","hentry","entry"],"_links":{"self":[{"href":"https:\/\/celi.cefet-rj.br\/index.php?rest_route=\/wp\/v2\/pages\/1112","targetHints":{"allow":["GET"]}}],"collection":[{"href":"https:\/\/celi.cefet-rj.br\/index.php?rest_route=\/wp\/v2\/pages"}],"about":[{"href":"https:\/\/celi.cefet-rj.br\/index.php?rest_route=\/wp\/v2\/types\/page"}],"author":[{"embeddable":true,"href":"https:\/\/celi.cefet-rj.br\/index.php?rest_route=\/wp\/v2\/users\/1"}],"replies":[{"embeddable":true,"href":"https:\/\/celi.cefet-rj.br\/index.php?rest_route=%2Fwp%2Fv2%2Fcomments&post=1112"}],"version-history":[{"count":6,"href":"https:\/\/celi.cefet-rj.br\/index.php?rest_route=\/wp\/v2\/pages\/1112\/revisions"}],"predecessor-version":[{"id":1508,"href":"https:\/\/celi.cefet-rj.br\/index.php?rest_route=\/wp\/v2\/pages\/1112\/revisions\/1508"}],"up":[{"embeddable":true,"href":"https:\/\/celi.cefet-rj.br\/index.php?rest_route=\/wp\/v2\/pages\/934"}],"wp:attachment":[{"href":"https:\/\/celi.cefet-rj.br\/index.php?rest_route=%2Fwp%2Fv2%2Fmedia&parent=1112"}],"curies":[{"name":"wp","href":"https:\/\/api.w.org\/{rel}","templated":true}]}}