{"id":485,"date":"2018-08-31T14:28:57","date_gmt":"2018-08-31T17:28:57","guid":{"rendered":"http:\/\/localhost\/wordpress\/?page_id=485"},"modified":"2022-11-22T16:51:08","modified_gmt":"2022-11-22T19:51:08","slug":"projetos","status":"publish","type":"page","link":"https:\/\/celi.cefet-rj.br\/?page_id=485","title":{"rendered":"Projetos"},"content":{"rendered":"\t\t<div data-elementor-type=\"wp-page\" data-elementor-id=\"485\" class=\"elementor elementor-485 elementor-bc-flex-widget\">\n\t\t\t\t\t\t<section class=\"elementor-section elementor-top-section elementor-element elementor-element-2f461ac elementor-hidden-tablet elementor-hidden-phone elementor-section-boxed elementor-section-height-default elementor-section-height-default\" data-id=\"2f461ac\" data-element_type=\"section\">\n\t\t\t\t\t\t<div class=\"elementor-container elementor-column-gap-default\">\n\t\t\t\t\t<div class=\"elementor-column elementor-col-33 elementor-top-column elementor-element elementor-element-47be414\" data-id=\"47be414\" data-element_type=\"column\">\n\t\t\t<div class=\"elementor-widget-wrap elementor-element-populated\">\n\t\t\t\t\t\t<div class=\"elementor-element elementor-element-c648eeb elementor-widget elementor-widget-wp-widget-nav_menu\" data-id=\"c648eeb\" data-element_type=\"widget\" data-widget_type=\"wp-widget-nav_menu.default\">\n\t\t\t\t<div class=\"elementor-widget-container\">\n\t\t\t\t\t<div class=\"menu-projetos-container\"><ul id=\"menu-projetos\" class=\"menu\"><li id=\"menu-item-1252\" class=\"menu-item menu-item-type-post_type menu-item-object-page current_page_parent menu-item-1252\"><a href=\"https:\/\/celi.cefet-rj.br\/?page_id=918\">\u00daltimas Not\u00edcias<\/a><\/li>\n<li id=\"menu-item-1249\" class=\"menu-item menu-item-type-post_type menu-item-object-page menu-item-1249\"><a href=\"https:\/\/celi.cefet-rj.br\/?page_id=922\">Quem Somos<\/a><\/li>\n<li id=\"menu-item-1245\" class=\"menu-item menu-item-type-post_type menu-item-object-page menu-item-has-children menu-item-1245\"><a href=\"https:\/\/celi.cefet-rj.br\/?page_id=485\">Projetos<\/a>\n<ul class=\"sub-menu\">\n\t<li id=\"menu-item-1246\" class=\"menu-item menu-item-type-post_type menu-item-object-page menu-item-1246\"><a href=\"https:\/\/celi.cefet-rj.br\/?page_id=51\">Olhos Meus<\/a><\/li>\n\t<li id=\"menu-item-1264\" class=\"menu-item menu-item-type-post_type menu-item-object-page menu-item-1264\"><a href=\"https:\/\/celi.cefet-rj.br\/?page_id=1258\">Projeto de L\u00ednguas<\/a><\/li>\n<\/ul>\n<\/li>\n<li id=\"menu-item-1241\" class=\"menu-item menu-item-type-post_type menu-item-object-page menu-item-1241\"><a href=\"https:\/\/celi.cefet-rj.br\/?page_id=925\">Eventos<\/a><\/li>\n<li id=\"menu-item-1239\" class=\"menu-item menu-item-type-post_type menu-item-object-page menu-item-1239\"><a href=\"https:\/\/celi.cefet-rj.br\/?page_id=928\">A\u00e7\u00f5es de Extens\u00e3o<\/a><\/li>\n<li id=\"menu-item-1248\" class=\"menu-item menu-item-type-post_type menu-item-object-page menu-item-1248\"><a href=\"https:\/\/celi.cefet-rj.br\/?page_id=934\">Publica\u00e7\u00f5es<\/a><\/li>\n<li id=\"menu-item-1240\" class=\"menu-item menu-item-type-post_type menu-item-object-page menu-item-1240\"><a href=\"https:\/\/celi.cefet-rj.br\/?page_id=931\">Certificados e Declara\u00e7\u00f5es<\/a><\/li>\n<li id=\"menu-item-1329\" class=\"menu-item menu-item-type-custom menu-item-object-custom menu-item-1329\"><a href=\"http:\/\/celi.cefet-rj.br\/concursos\">Inscri\u00e7\u00f5es<\/a><\/li>\n<li id=\"menu-item-1244\" class=\"menu-item menu-item-type-post_type menu-item-object-page menu-item-1244\"><a href=\"https:\/\/celi.cefet-rj.br\/?page_id=940\">Nossos Colaboradores<\/a><\/li>\n<li id=\"menu-item-1250\" class=\"menu-item menu-item-type-post_type menu-item-object-page menu-item-1250\"><a href=\"https:\/\/celi.cefet-rj.br\/?page_id=943\">Quero Ser Um Bolsista<\/a><\/li>\n<li id=\"menu-item-1251\" class=\"menu-item menu-item-type-post_type menu-item-object-page menu-item-1251\"><a href=\"https:\/\/celi.cefet-rj.br\/?page_id=946\">Quero Ser Um Volut\u00e1rio<\/a><\/li>\n<li id=\"menu-item-1242\" class=\"menu-item menu-item-type-post_type menu-item-object-page menu-item-1242\"><a href=\"https:\/\/celi.cefet-rj.br\/?page_id=959\">Fale Conosco<\/a><\/li>\n<\/ul><\/div>\t\t\t\t<\/div>\n\t\t\t\t<\/div>\n\t\t\t\t\t<\/div>\n\t\t<\/div>\n\t\t\t\t<div class=\"elementor-column elementor-col-66 elementor-top-column elementor-element elementor-element-5570a7e\" data-id=\"5570a7e\" data-element_type=\"column\">\n\t\t\t<div class=\"elementor-widget-wrap elementor-element-populated\">\n\t\t\t\t\t\t<div class=\"elementor-element elementor-element-5b17bad elementor-widget elementor-widget-text-editor\" data-id=\"5b17bad\" data-element_type=\"widget\" data-widget_type=\"text-editor.default\">\n\t\t\t\t<div class=\"elementor-widget-container\">\n\t\t\t\t\t\t\t\t\t\n\nSuspendisse fringilla a mi ac sollicitudin. Ut vehicula elementum odio eu convallis. Cras interdum sem non magna dignissim fermentum quis nec ex. Ut turpis elit, dapibus a tellus a, placerat tincidunt eros. Suspendisse sed dictum dui. Duis ut commodo arcu. In vulputate metus lectus. Donec tempus scelerisque erat eget tempor. Mauris pellentesque vestibulum leo non sollicitudin. Etiam vulputate magna at lacinia condimentum. Phasellus enim magna, fermentum vel consequat eu, feugiat non lectus. Donec bibendum faucibus mi. Pellentesque habitant morbi tristique senectus et netus et malesuada fames ac turpis egestas.\n\nAliquam vel elementum mi. Proin sagittis ultricies blandit. Integer cursus egestas suscipit. Quisque tincidunt lectus non ipsum laoreet cursus. Vestibulum placerat vestibulum sodales. Suspendisse vehicula velit quam. Ut quis tempor purus, a bibendum mauris. Proin nec ultricies nunc. \t\t\t\t\t\t\t\t<\/div>\n\t\t\t\t<\/div>\n\t\t\t\t\t<\/div>\n\t\t<\/div>\n\t\t\t\t\t<\/div>\n\t\t<\/section>\n\t\t\t\t<section class=\"elementor-section elementor-top-section elementor-element elementor-element-82eedb8 elementor-hidden-desktop elementor-section-boxed elementor-section-height-default elementor-section-height-default\" data-id=\"82eedb8\" data-element_type=\"section\">\n\t\t\t\t\t\t<div class=\"elementor-container elementor-column-gap-default\">\n\t\t\t\t\t<div class=\"elementor-column elementor-col-100 elementor-top-column elementor-element elementor-element-3176bd7\" data-id=\"3176bd7\" data-element_type=\"column\">\n\t\t\t<div class=\"elementor-widget-wrap elementor-element-populated\">\n\t\t\t\t\t\t<div class=\"elementor-element elementor-element-91e9a86 elementor-widget elementor-widget-toggle\" data-id=\"91e9a86\" data-element_type=\"widget\" data-widget_type=\"toggle.default\">\n\t\t\t\t<div class=\"elementor-widget-container\">\n\t\t\t\t\t\t\t<div class=\"elementor-toggle\">\n\t\t\t\t\t\t\t<div class=\"elementor-toggle-item\">\n\t\t\t\t\t<div id=\"elementor-tab-title-1531\" class=\"elementor-tab-title\" data-tab=\"1\" role=\"button\" aria-controls=\"elementor-tab-content-1531\" aria-expanded=\"false\">\n\t\t\t\t\t\t\t\t\t\t\t\t<span class=\"elementor-toggle-icon elementor-toggle-icon-left\" aria-hidden=\"true\">\n\t\t\t\t\t\t\t\t\t\t\t\t\t\t\t<i class=\"elementor-toggle-icon-closed fa fa-list\"><\/i>\n\t\t\t\t\t\t\t\t<i class=\"elementor-toggle-icon-opened fa fa-list\"><\/i>\n\t\t\t\t\t\t\t\t\t\t\t\t\t<\/span>\n\t\t\t\t\t\t\t\t\t\t\t\t<a class=\"elementor-toggle-title\" tabindex=\"0\">Menu<\/a>\n\t\t\t\t\t<\/div>\n\n\t\t\t\t\t<div id=\"elementor-tab-content-1531\" class=\"elementor-tab-content elementor-clearfix\" data-tab=\"1\" role=\"region\" aria-labelledby=\"elementor-tab-title-1531\"><ul><li><a href=\"..\/site\/?page_id=918\">\u00daltimas Not\u00edcias<\/a><\/li><li><a href=\"..\/site\/?page_id=922\">Quem Somos<\/a><ul><li><a href=\"..\/site\/?page_id=976\">Hist\u00f3rico<\/a><\/li><li><a href=\"..\/site\/?page_id=979\">Filosofia do CELi<\/a><\/li><li><a href=\"..\/site\/?page_id=982\">Objetivos<\/a><\/li><li><a href=\"..\/site\/?page_id=985\">P\u00fablico-Alvo<\/a><\/li><li><a href=\"..\/site\/?page_id=988\">Estat\u00edsticas<\/a><\/li><li><a href=\"..\/site\/?page_id=991\">Organograma<\/a><\/li><\/ul><\/li><li><a href=\"..\/site\/?page_id=485\">Projetos<\/a><ul><li><a href=\"..\/site\/?page_id=51\">Olhos Meus<\/a><\/li><li><a href=\"..\/site\/?page_id=1258\">Projeto de L\u00ednguas<\/a><\/li><\/ul><\/li><li><a href=\"..\/site\/?page_id=925\">Eventos<\/a><ul><li><a href=\"..\/site\/?page_id=1034\">Eventos Atuais<\/a><\/li><li><a href=\"..\/site\/?page_id=1037\">Edi\u00e7\u00f5es<\/a><\/li><li><a href=\"..\/site\/?page_id=1040\">Galerias<\/a><\/li><li><a href=\"..\/site\/?page_id=1043\">Programa\u00e7\u00f5es<\/a><\/li><\/ul><\/li><li><a href=\"..\/site\/?page_id=928\">A\u00e7\u00f5es de Extens\u00e3o<\/a><\/li><li><a href=\"..\/celi\/site\/?page_id=931\">Certificados e Declra\u00e7\u00f5es<\/a><\/li><li><a href=\"..\/site\/?page_id=934\">Publica\u00e7\u00f5es<\/a><ul><li><a href=\"..\/site\/?page_id=56\">B\u00fassola Acad\u00eamica<\/a><\/li><li><a href=\"..\/site\/?page_id=1103\">Cap\u00edtulo de Livro\/UFAL<\/a><\/li><li><a href=\"..\/site\/?page_id=1106\">Resumos SEPEX<\/a><\/li><li><a href=\"..\/site\/?page_id=1109\">CBEU<\/a><\/li><li><a href=\"..\/site\/?page_id=1112\">Etarserra<\/a><\/li><li><a href=\"..\/site\/?page_id=1115\">Cartilhas Inca<\/a><\/li><\/ul><\/li><li><a href=\"http:\/\/celi.cefet-rj.br\/concursos\">Inscri\u00e7\u00f5es<\/a><\/li><li><a href=\"..\/site\/?page_id=940\">Nossos Colaboradores<\/a><\/li><li><a href=\"..\/site\/?page_id=943\">Quero Ser Um Bolsista<\/a><ul><li><a href=\"..\/site\/?page_id=1174\">O que faz um Bolsista<\/a><\/li><li><a href=\"..\/site\/?page_id=1177\">Bolsa PBEXT<\/a><\/li><li><a href=\"..\/site\/?page_id=1180\">Edital do Ano Atual<\/a><\/li><\/ul><\/li><li><a href=\"..\/site\/?page_id=946\">Quero Ser Um Volunt\u00e1rio<\/a><ul><li><a href=\"..\/site\/?page_id=1205\">O que faz um Volunt\u00e1rio<\/a><\/li><li><a href=\"..\/site\/?page_id=1208\">Como Proceder<\/a><\/li><\/ul><\/li><li><a href=\"..\/site\/?page_id=959\">Fale Conosco<\/a><\/li><\/ul><\/div>\n\t\t\t\t<\/div>\n\t\t\t\t\t\t\t\t<\/div>\n\t\t\t\t\t\t<\/div>\n\t\t\t\t<\/div>\n\t\t\t\t<div class=\"elementor-element elementor-element-74af281 elementor-widget elementor-widget-text-editor\" data-id=\"74af281\" data-element_type=\"widget\" data-widget_type=\"text-editor.default\">\n\t\t\t\t<div class=\"elementor-widget-container\">\n\t\t\t\t\t\t\t\t\t\n\nSuspendisse fringilla a mi ac sollicitudin. Ut vehicula elementum odio eu convallis. Cras interdum sem non magna dignissim fermentum quis nec ex. Ut turpis elit, dapibus a tellus a, placerat tincidunt eros. Suspendisse sed dictum dui. Duis ut commodo arcu. In vulputate metus lectus. Donec tempus scelerisque erat eget tempor. Mauris pellentesque vestibulum leo non sollicitudin. Etiam vulputate magna at lacinia condimentum. Phasellus enim magna, fermentum vel consequat eu, feugiat non lectus. Donec bibendum faucibus mi. Pellentesque habitant morbi tristique senectus et netus et malesuada fames ac turpis egestas.\n\nAliquam vel elementum mi. Proin sagittis ultricies blandit. Integer cursus egestas suscipit. Quisque tincidunt lectus non ipsum laoreet cursus. Vestibulum placerat vestibulum sodales. Suspendisse vehicula velit quam. Ut quis tempor purus, a bibendum mauris. Proin nec ultricies nunc. \t\t\t\t\t\t\t\t<\/div>\n\t\t\t\t<\/div>\n\t\t\t\t\t<\/div>\n\t\t<\/div>\n\t\t\t\t\t<\/div>\n\t\t<\/section>\n\t\t\t\t<\/div>\n\t\t","protected":false},"excerpt":{"rendered":"<p>Suspendisse fringilla a mi ac sollicitudin. Ut vehicula elementum odio eu convallis. Cras interdum sem non magna dignissim fermentum quis nec ex. Ut turpis elit, dapibus a tellus a, placerat tincidunt eros. Suspendisse sed dictum dui. Duis ut commodo arcu. In vulputate metus lectus. Donec tempus scelerisque erat eget tempor. Mauris pellentesque vestibulum leo non [&hellip;]<\/p>\n","protected":false},"author":1,"featured_media":0,"parent":53,"menu_order":0,"comment_status":"closed","ping_status":"closed","template":"","meta":{"footnotes":""},"class_list":["post-485","page","type-page","status-publish","hentry","entry"],"_links":{"self":[{"href":"https:\/\/celi.cefet-rj.br\/index.php?rest_route=\/wp\/v2\/pages\/485","targetHints":{"allow":["GET"]}}],"collection":[{"href":"https:\/\/celi.cefet-rj.br\/index.php?rest_route=\/wp\/v2\/pages"}],"about":[{"href":"https:\/\/celi.cefet-rj.br\/index.php?rest_route=\/wp\/v2\/types\/page"}],"author":[{"embeddable":true,"href":"https:\/\/celi.cefet-rj.br\/index.php?rest_route=\/wp\/v2\/users\/1"}],"replies":[{"embeddable":true,"href":"https:\/\/celi.cefet-rj.br\/index.php?rest_route=%2Fwp%2Fv2%2Fcomments&post=485"}],"version-history":[{"count":15,"href":"https:\/\/celi.cefet-rj.br\/index.php?rest_route=\/wp\/v2\/pages\/485\/revisions"}],"predecessor-version":[{"id":1561,"href":"https:\/\/celi.cefet-rj.br\/index.php?rest_route=\/wp\/v2\/pages\/485\/revisions\/1561"}],"up":[{"embeddable":true,"href":"https:\/\/celi.cefet-rj.br\/index.php?rest_route=\/wp\/v2\/pages\/53"}],"wp:attachment":[{"href":"https:\/\/celi.cefet-rj.br\/index.php?rest_route=%2Fwp%2Fv2%2Fmedia&parent=485"}],"curies":[{"name":"wp","href":"https:\/\/api.w.org\/{rel}","templated":true}]}}