{"id":976,"date":"2022-08-04T16:47:10","date_gmt":"2022-08-04T19:47:10","guid":{"rendered":"http:\/\/localhost\/celi\/site\/?page_id=976"},"modified":"2022-09-16T17:20:19","modified_gmt":"2022-09-16T20:20:19","slug":"historico","status":"publish","type":"page","link":"https:\/\/celi.cefet-rj.br\/?page_id=976","title":{"rendered":"Hist\u00f3rico"},"content":{"rendered":"\t\t<div data-elementor-type=\"wp-post\" data-elementor-id=\"976\" class=\"elementor elementor-976 elementor-bc-flex-widget\">\n\t\t\t\t\t\t<section class=\"elementor-section elementor-top-section elementor-element elementor-element-439c297 elementor-hidden-tablet elementor-hidden-phone elementor-section-boxed elementor-section-height-default elementor-section-height-default\" data-id=\"439c297\" data-element_type=\"section\">\n\t\t\t\t\t\t<div class=\"elementor-container elementor-column-gap-default\">\n\t\t\t\t\t<div class=\"elementor-column elementor-col-33 elementor-top-column elementor-element elementor-element-77bda30\" data-id=\"77bda30\" data-element_type=\"column\">\n\t\t\t<div class=\"elementor-widget-wrap elementor-element-populated\">\n\t\t\t\t\t\t<div class=\"elementor-element elementor-element-f0a99b3 elementor-widget elementor-widget-wp-widget-nav_menu\" data-id=\"f0a99b3\" data-element_type=\"widget\" data-widget_type=\"wp-widget-nav_menu.default\">\n\t\t\t\t<div class=\"elementor-widget-container\">\n\t\t\t\t\t<div class=\"menu-quem-somos-container\"><ul id=\"menu-quem-somos\" class=\"menu\"><li id=\"menu-item-1025\" class=\"menu-item menu-item-type-post_type menu-item-object-page current_page_parent menu-item-1025\"><a href=\"https:\/\/celi.cefet-rj.br\/?page_id=918\">\u00daltimas Not\u00edcias<\/a><\/li>\n<li id=\"menu-item-1022\" class=\"menu-item menu-item-type-post_type menu-item-object-page menu-item-has-children menu-item-1022\"><a href=\"https:\/\/celi.cefet-rj.br\/?page_id=922\">Quem Somos<\/a>\n<ul class=\"sub-menu\">\n\t<li id=\"menu-item-1003\" class=\"menu-item menu-item-type-post_type menu-item-object-page menu-item-1003\"><a href=\"https:\/\/celi.cefet-rj.br\/?page_id=976\">Hist\u00f3rico<\/a><\/li>\n\t<li id=\"menu-item-1002\" class=\"menu-item menu-item-type-post_type menu-item-object-page menu-item-1002\"><a href=\"https:\/\/celi.cefet-rj.br\/?page_id=979\">Filosofia do CeLi<\/a><\/li>\n\t<li id=\"menu-item-1004\" class=\"menu-item menu-item-type-post_type menu-item-object-page menu-item-1004\"><a href=\"https:\/\/celi.cefet-rj.br\/?page_id=982\">Objetivos<\/a><\/li>\n\t<li id=\"menu-item-1006\" class=\"menu-item menu-item-type-post_type menu-item-object-page menu-item-1006\"><a href=\"https:\/\/celi.cefet-rj.br\/?page_id=985\">P\u00fablico-Alvo<\/a><\/li>\n\t<li id=\"menu-item-1001\" class=\"menu-item menu-item-type-post_type menu-item-object-page menu-item-1001\"><a href=\"https:\/\/celi.cefet-rj.br\/?page_id=988\">Estat\u00edsticas<\/a><\/li>\n\t<li id=\"menu-item-1005\" class=\"menu-item menu-item-type-post_type menu-item-object-page menu-item-1005\"><a href=\"https:\/\/celi.cefet-rj.br\/?page_id=991\">Organograma<\/a><\/li>\n<\/ul>\n<\/li>\n<li id=\"menu-item-1020\" class=\"menu-item menu-item-type-post_type menu-item-object-page menu-item-1020\"><a href=\"https:\/\/celi.cefet-rj.br\/?page_id=485\">Projetos<\/a><\/li>\n<li id=\"menu-item-1016\" class=\"menu-item menu-item-type-post_type menu-item-object-page menu-item-1016\"><a href=\"https:\/\/celi.cefet-rj.br\/?page_id=925\">Eventos<\/a><\/li>\n<li id=\"menu-item-1014\" class=\"menu-item menu-item-type-post_type menu-item-object-page menu-item-1014\"><a href=\"https:\/\/celi.cefet-rj.br\/?page_id=928\">A\u00e7\u00f5es de Extens\u00e3o<\/a><\/li>\n<li id=\"menu-item-1015\" class=\"menu-item menu-item-type-post_type menu-item-object-page menu-item-1015\"><a href=\"https:\/\/celi.cefet-rj.br\/?page_id=931\">Certificados e Declara\u00e7\u00f5es<\/a><\/li>\n<li id=\"menu-item-1021\" class=\"menu-item menu-item-type-post_type menu-item-object-page menu-item-1021\"><a href=\"https:\/\/celi.cefet-rj.br\/?page_id=934\">Publica\u00e7\u00f5es<\/a><\/li>\n<li id=\"menu-item-1331\" class=\"menu-item menu-item-type-custom menu-item-object-custom menu-item-1331\"><a href=\"http:\/\/celi.cefet-rj.br\/concursos\">Inscri\u00e7\u00f5es<\/a><\/li>\n<li id=\"menu-item-1019\" class=\"menu-item menu-item-type-post_type menu-item-object-page menu-item-1019\"><a href=\"https:\/\/celi.cefet-rj.br\/?page_id=940\">Nossos Colaboradores<\/a><\/li>\n<li id=\"menu-item-1023\" class=\"menu-item menu-item-type-post_type menu-item-object-page menu-item-1023\"><a href=\"https:\/\/celi.cefet-rj.br\/?page_id=943\">Quero Ser Um Bolsista<\/a><\/li>\n<li id=\"menu-item-1024\" class=\"menu-item menu-item-type-post_type menu-item-object-page menu-item-1024\"><a href=\"https:\/\/celi.cefet-rj.br\/?page_id=946\">Quero Ser Um Volut\u00e1rio<\/a><\/li>\n<li id=\"menu-item-1017\" class=\"menu-item menu-item-type-post_type menu-item-object-page menu-item-1017\"><a href=\"https:\/\/celi.cefet-rj.br\/?page_id=959\">Fale Conosco<\/a><\/li>\n<\/ul><\/div>\t\t\t\t<\/div>\n\t\t\t\t<\/div>\n\t\t\t\t\t<\/div>\n\t\t<\/div>\n\t\t\t\t<div class=\"elementor-column elementor-col-66 elementor-top-column elementor-element elementor-element-3da76e2\" data-id=\"3da76e2\" data-element_type=\"column\">\n\t\t\t<div class=\"elementor-widget-wrap elementor-element-populated\">\n\t\t\t\t\t\t<div class=\"elementor-element elementor-element-236e81a elementor-widget elementor-widget-text-editor\" data-id=\"236e81a\" data-element_type=\"widget\" data-widget_type=\"text-editor.default\">\n\t\t\t\t<div class=\"elementor-widget-container\">\n\t\t\t\t\t\t\t\t\t<div id=\"lipsum\"><p>Lorem ipsum dolor sit amet, consectetur adipiscing elit. Duis tempor maximus vehicula. Suspendisse potenti. Sed nec risus a nulla blandit laoreet non vitae felis. Nullam in magna nunc. Suspendisse porta arcu et pharetra pellentesque. Curabitur vestibulum dignissim porta. Praesent fringilla sem ligula, ut efficitur elit iaculis ac. Nam magna ante, luctus vitae eros sed, euismod iaculis lectus. In varius lectus et lectus imperdiet, dictum vestibulum nunc condimentum. Praesent hendrerit vestibulum consectetur. Praesent enim nibh, interdum a vestibulum eget, sodales sed ante. Nullam sit amet mauris elit. Nullam nec magna vel massa condimentum aliquet quis pretium est. Morbi sollicitudin ultrices commodo. Cras porta dolor et luctus posuere. Sed pellentesque quam nec nulla scelerisque commodo.<\/p><p>Sed nibh elit, porta vel finibus id, imperdiet ac tortor. Aenean lectus ante, euismod ac nulla vitae, maximus semper justo. Aliquam a finibus erat. Phasellus non enim enim. In hac habitasse platea dictumst. Cras sed fermentum eros. Curabitur vel commodo augue, tempus faucibus lacus. Nulla eleifend ligula neque, nec ultricies est interdum at. Fusce sit amet finibus quam. Fusce fermentum bibendum elit a volutpat. Fusce accumsan urna sed nibh ultricies, placerat pellentesque eros accumsan. Mauris vitae egestas purus. Nam orci ex, porttitor in convallis a, gravida a magna. Orci varius natoque penatibus et magnis dis parturient montes, nascetur ridiculus mus. Maecenas dolor ex, blandit nec ligula id, efficitur scelerisque tortor.<\/p><p>Nullam nec est id sapien placerat sollicitudin a nec eros. Fusce turpis sem, congue ut facilisis at, mattis vel erat. Duis fermentum dignissim risus, eget aliquet justo mattis in. Nullam interdum massa tellus, non pretium dolor pharetra vitae. Donec imperdiet id urna eu accumsan. Donec id augue et neque condimentum blandit. Quisque neque augue, egestas non lacus eget, tristique faucibus mauris. Praesent at lectus congue, aliquet purus ut, lacinia nisl. Cras cursus dolor justo. Cras odio lectus, mattis quis posuere nec, lacinia ut nulla. Curabitur lobortis pretium elit, et fermentum mauris dignissim eget. Cras non sollicitudin massa. Fusce vehicula dui ut enim ullamcorper, non sodales ligula gravida.<\/p><p>Fusce sit amet mauris at lacus ultrices fermentum. Duis lorem massa, luctus vitae mattis eget, vestibulum ut ipsum. Donec libero sem, consequat eget pellentesque ut, varius congue mauris. Cras fringilla sapien in nisl maximus fringilla. Aenean sollicitudin nisl in hendrerit consequat. Vestibulum ante ipsum primis in faucibus orci luctus et ultrices posuere cubilia curae; Duis id tincidunt risus. Donec ut eros aliquam, ullamcorper odio sit amet, scelerisque elit. Maecenas vehicula porttitor diam, vitae laoreet nisi venenatis vitae. Phasellus finibus molestie nisi ut tempus. Vivamus diam sapien, interdum quis elementum eget, imperdiet a lacus. Curabitur in diam pellentesque, mattis massa non, maximus sem. Ut orci risus, sagittis non eros id, feugiat maximus nulla. Sed malesuada condimentum sodales.<\/p><p>Class aptent taciti sociosqu ad litora torquent per conubia nostra, per inceptos himenaeos. Pellentesque ultrices mi nec neque mollis, nec finibus lacus rhoncus. Suspendisse potenti. Pellentesque euismod lacus neque, eget lacinia leo bibendum at. Sed tincidunt lorem id dolor fermentum accumsan. Phasellus at erat in ex accumsan porttitor non vitae diam. Duis consequat dignissim libero at fermentum. In felis purus, volutpat ut convallis non, cursus quis magna. Maecenas ut fringilla est, eget eleifend arcu. Donec scelerisque ultricies justo id semper. Praesent ut vehicula odio. Vivamus blandit dui lacus, ac lacinia elit pretium in. Ut bibendum nisi ut lectus feugiat dictum a id nisi. Fusce mollis leo eget sapien bibendum aliquet. Donec elit felis, pretium ut erat nec, ornare tincidunt magna.<\/p><\/div>\t\t\t\t\t\t\t\t<\/div>\n\t\t\t\t<\/div>\n\t\t\t\t\t<\/div>\n\t\t<\/div>\n\t\t\t\t\t<\/div>\n\t\t<\/section>\n\t\t\t\t<section class=\"elementor-section elementor-top-section elementor-element elementor-element-82d3cf5 elementor-hidden-desktop elementor-section-boxed elementor-section-height-default elementor-section-height-default\" data-id=\"82d3cf5\" data-element_type=\"section\">\n\t\t\t\t\t\t<div class=\"elementor-container elementor-column-gap-default\">\n\t\t\t\t\t<div class=\"elementor-column elementor-col-100 elementor-top-column elementor-element elementor-element-83cc69f\" data-id=\"83cc69f\" data-element_type=\"column\">\n\t\t\t<div class=\"elementor-widget-wrap elementor-element-populated\">\n\t\t\t\t\t\t<div class=\"elementor-element elementor-element-00e164b elementor-widget elementor-widget-toggle\" data-id=\"00e164b\" data-element_type=\"widget\" data-widget_type=\"toggle.default\">\n\t\t\t\t<div class=\"elementor-widget-container\">\n\t\t\t\t\t\t\t<div class=\"elementor-toggle\">\n\t\t\t\t\t\t\t<div class=\"elementor-toggle-item\">\n\t\t\t\t\t<div id=\"elementor-tab-title-9231\" class=\"elementor-tab-title\" data-tab=\"1\" role=\"button\" aria-controls=\"elementor-tab-content-9231\" aria-expanded=\"false\">\n\t\t\t\t\t\t\t\t\t\t\t\t<span class=\"elementor-toggle-icon elementor-toggle-icon-left\" aria-hidden=\"true\">\n\t\t\t\t\t\t\t\t\t\t\t\t\t\t\t<i class=\"elementor-toggle-icon-closed fa fa-list\"><\/i>\n\t\t\t\t\t\t\t\t<i class=\"elementor-toggle-icon-opened fa fa-list\"><\/i>\n\t\t\t\t\t\t\t\t\t\t\t\t\t<\/span>\n\t\t\t\t\t\t\t\t\t\t\t\t<a class=\"elementor-toggle-title\" tabindex=\"0\">Menu<\/a>\n\t\t\t\t\t<\/div>\n\n\t\t\t\t\t<div id=\"elementor-tab-content-9231\" class=\"elementor-tab-content elementor-clearfix\" data-tab=\"1\" role=\"region\" aria-labelledby=\"elementor-tab-title-9231\"><ul><li><a href=\"..\/site\/?page_id=918\">\u00daltimas Not\u00edcias<\/a><\/li><li><a href=\"..\/site\/?page_id=922\">Quem Somos<\/a><ul><li><a href=\"..\/site\/?page_id=976\">Hist\u00f3rico<\/a><\/li><li><a href=\"..\/site\/?page_id=979\">Filosofia do CELi<\/a><\/li><li><a href=\"..\/site\/?page_id=982\">Objetivos<\/a><\/li><li><a href=\"..\/site\/?page_id=985\">P\u00fablico-Alvo<\/a><\/li><li><a href=\"..\/site\/?page_id=988\">Estat\u00edsticas<\/a><\/li><li><a href=\"..\/site\/?page_id=991\">Organograma<\/a><\/li><\/ul><\/li><li><a href=\"..\/site\/?page_id=485\">Projetos<\/a><ul><li><a href=\"..\/site\/?page_id=51\">Olhos Meus<\/a><\/li><li><a href=\"..\/site\/?page_id=1258\">Projeto de L\u00ednguas<\/a><\/li><\/ul><\/li><li><a href=\"..\/site\/?page_id=925\">Eventos<\/a><ul><li><a href=\"..\/site\/?page_id=1034\">Eventos Atuais<\/a><\/li><li><a href=\"..\/site\/?page_id=1037\">Edi\u00e7\u00f5es<\/a><\/li><li><a href=\"..\/site\/?page_id=1040\">Galerias<\/a><\/li><li><a href=\"..\/site\/?page_id=1043\">Programa\u00e7\u00f5es<\/a><\/li><\/ul><\/li><li><a href=\"..\/site\/?page_id=928\">A\u00e7\u00f5es de Extens\u00e3o<\/a><\/li><li><a href=\"..\/celi\/site\/?page_id=931\">Certificados e Declra\u00e7\u00f5es<\/a><\/li><li><a href=\"..\/site\/?page_id=934\">Publica\u00e7\u00f5es<\/a><ul><li><a href=\"..\/site\/?page_id=56\">B\u00fassola Acad\u00eamica<\/a><\/li><li><a href=\"..\/site\/?page_id=1103\">Cap\u00edtulo de Livro\/UFAL<\/a><\/li><li><a href=\"..\/site\/?page_id=1106\">Resumos SEPEX<\/a><\/li><li><a href=\"..\/site\/?page_id=1109\">CBEU<\/a><\/li><li><a href=\"..\/site\/?page_id=1112\">Etarserra<\/a><\/li><li><a href=\"..\/site\/?page_id=1115\">Cartilhas Inca<\/a><\/li><\/ul><\/li><li><a href=\"http:\/\/celi.cefet-rj.br\/concursos\">Inscri\u00e7\u00f5es<\/a><\/li><li><a href=\"..\/site\/?page_id=940\">Nossos Colaboradores<\/a><\/li><li><a href=\"..\/site\/?page_id=943\">Quero Ser Um Bolsista<\/a><ul><li><a href=\"..\/site\/?page_id=1174\">O que faz um Bolsista<\/a><\/li><li><a href=\"..\/site\/?page_id=1177\">Bolsa PBEXT<\/a><\/li><li><a href=\"..\/site\/?page_id=1180\">Edital do Ano Atual<\/a><\/li><\/ul><\/li><li><a href=\"..\/site\/?page_id=946\">Quero Ser Um Volunt\u00e1rio<\/a><ul><li><a href=\"..\/site\/?page_id=1205\">O que faz um Volunt\u00e1rio<\/a><\/li><li><a href=\"..\/site\/?page_id=1208\">Como Proceder<\/a><\/li><\/ul><\/li><li><a href=\"..\/site\/?page_id=959\">Fale Conosco<\/a><\/li><\/ul><\/div>\n\t\t\t\t<\/div>\n\t\t\t\t\t\t\t\t<\/div>\n\t\t\t\t\t\t<\/div>\n\t\t\t\t<\/div>\n\t\t\t\t<div class=\"elementor-element elementor-element-076dbfd elementor-widget elementor-widget-text-editor\" data-id=\"076dbfd\" data-element_type=\"widget\" data-widget_type=\"text-editor.default\">\n\t\t\t\t<div class=\"elementor-widget-container\">\n\t\t\t\t\t\t\t\t\t<div id=\"lipsum\"><p>Lorem ipsum dolor sit amet, consectetur adipiscing elit. Duis tempor maximus vehicula. Suspendisse potenti. Sed nec risus a nulla blandit laoreet non vitae felis. Nullam in magna nunc. Suspendisse porta arcu et pharetra pellentesque. Curabitur vestibulum dignissim porta. Praesent fringilla sem ligula, ut efficitur elit iaculis ac. Nam magna ante, luctus vitae eros sed, euismod iaculis lectus. In varius lectus et lectus imperdiet, dictum vestibulum nunc condimentum. Praesent hendrerit vestibulum consectetur. Praesent enim nibh, interdum a vestibulum eget, sodales sed ante. Nullam sit amet mauris elit. Nullam nec magna vel massa condimentum aliquet quis pretium est. Morbi sollicitudin ultrices commodo. Cras porta dolor et luctus posuere. Sed pellentesque quam nec nulla scelerisque commodo.<\/p><p>Sed nibh elit, porta vel finibus id, imperdiet ac tortor. Aenean lectus ante, euismod ac nulla vitae, maximus semper justo. Aliquam a finibus erat. Phasellus non enim enim. In hac habitasse platea dictumst. Cras sed fermentum eros. Curabitur vel commodo augue, tempus faucibus lacus. Nulla eleifend ligula neque, nec ultricies est interdum at. Fusce sit amet finibus quam. Fusce fermentum bibendum elit a volutpat. Fusce accumsan urna sed nibh ultricies, placerat pellentesque eros accumsan. Mauris vitae egestas purus. Nam orci ex, porttitor in convallis a, gravida a magna. Orci varius natoque penatibus et magnis dis parturient montes, nascetur ridiculus mus. Maecenas dolor ex, blandit nec ligula id, efficitur scelerisque tortor.<\/p><p>Nullam nec est id sapien placerat sollicitudin a nec eros. Fusce turpis sem, congue ut facilisis at, mattis vel erat. Duis fermentum dignissim risus, eget aliquet justo mattis in. Nullam interdum massa tellus, non pretium dolor pharetra vitae. Donec imperdiet id urna eu accumsan. Donec id augue et neque condimentum blandit. Quisque neque augue, egestas non lacus eget, tristique faucibus mauris. Praesent at lectus congue, aliquet purus ut, lacinia nisl. Cras cursus dolor justo. Cras odio lectus, mattis quis posuere nec, lacinia ut nulla. Curabitur lobortis pretium elit, et fermentum mauris dignissim eget. Cras non sollicitudin massa. Fusce vehicula dui ut enim ullamcorper, non sodales ligula gravida.<\/p><p>Fusce sit amet mauris at lacus ultrices fermentum. Duis lorem massa, luctus vitae mattis eget, vestibulum ut ipsum. Donec libero sem, consequat eget pellentesque ut, varius congue mauris. Cras fringilla sapien in nisl maximus fringilla. Aenean sollicitudin nisl in hendrerit consequat. Vestibulum ante ipsum primis in faucibus orci luctus et ultrices posuere cubilia curae; Duis id tincidunt risus. Donec ut eros aliquam, ullamcorper odio sit amet, scelerisque elit. Maecenas vehicula porttitor diam, vitae laoreet nisi venenatis vitae. Phasellus finibus molestie nisi ut tempus. Vivamus diam sapien, interdum quis elementum eget, imperdiet a lacus. Curabitur in diam pellentesque, mattis massa non, maximus sem. Ut orci risus, sagittis non eros id, feugiat maximus nulla. Sed malesuada condimentum sodales.<\/p><p>Class aptent taciti sociosqu ad litora torquent per conubia nostra, per inceptos himenaeos. Pellentesque ultrices mi nec neque mollis, nec finibus lacus rhoncus. Suspendisse potenti. Pellentesque euismod lacus neque, eget lacinia leo bibendum at. Sed tincidunt lorem id dolor fermentum accumsan. Phasellus at erat in ex accumsan porttitor non vitae diam. Duis consequat dignissim libero at fermentum. In felis purus, volutpat ut convallis non, cursus quis magna. Maecenas ut fringilla est, eget eleifend arcu. Donec scelerisque ultricies justo id semper. Praesent ut vehicula odio. Vivamus blandit dui lacus, ac lacinia elit pretium in. Ut bibendum nisi ut lectus feugiat dictum a id nisi. Fusce mollis leo eget sapien bibendum aliquet. Donec elit felis, pretium ut erat nec, ornare tincidunt magna.<\/p><\/div>\t\t\t\t\t\t\t\t<\/div>\n\t\t\t\t<\/div>\n\t\t\t\t\t<\/div>\n\t\t<\/div>\n\t\t\t\t\t<\/div>\n\t\t<\/section>\n\t\t\t\t<\/div>\n\t\t","protected":false},"excerpt":{"rendered":"<p>Lorem ipsum dolor sit amet, consectetur adipiscing elit. Duis tempor maximus vehicula. Suspendisse potenti. Sed nec risus a nulla blandit laoreet non vitae felis. Nullam in magna nunc. Suspendisse porta arcu et pharetra pellentesque. Curabitur vestibulum dignissim porta. Praesent fringilla sem ligula, ut efficitur elit iaculis ac. Nam magna ante, luctus vitae eros sed, euismod [&hellip;]<\/p>\n","protected":false},"author":1,"featured_media":0,"parent":922,"menu_order":0,"comment_status":"closed","ping_status":"closed","template":"","meta":{"footnotes":""},"class_list":["post-976","page","type-page","status-publish","hentry","entry"],"_links":{"self":[{"href":"https:\/\/celi.cefet-rj.br\/index.php?rest_route=\/wp\/v2\/pages\/976","targetHints":{"allow":["GET"]}}],"collection":[{"href":"https:\/\/celi.cefet-rj.br\/index.php?rest_route=\/wp\/v2\/pages"}],"about":[{"href":"https:\/\/celi.cefet-rj.br\/index.php?rest_route=\/wp\/v2\/types\/page"}],"author":[{"embeddable":true,"href":"https:\/\/celi.cefet-rj.br\/index.php?rest_route=\/wp\/v2\/users\/1"}],"replies":[{"embeddable":true,"href":"https:\/\/celi.cefet-rj.br\/index.php?rest_route=%2Fwp%2Fv2%2Fcomments&post=976"}],"version-history":[{"count":8,"href":"https:\/\/celi.cefet-rj.br\/index.php?rest_route=\/wp\/v2\/pages\/976\/revisions"}],"predecessor-version":[{"id":1486,"href":"https:\/\/celi.cefet-rj.br\/index.php?rest_route=\/wp\/v2\/pages\/976\/revisions\/1486"}],"up":[{"embeddable":true,"href":"https:\/\/celi.cefet-rj.br\/index.php?rest_route=\/wp\/v2\/pages\/922"}],"wp:attachment":[{"href":"https:\/\/celi.cefet-rj.br\/index.php?rest_route=%2Fwp%2Fv2%2Fmedia&parent=976"}],"curies":[{"name":"wp","href":"https:\/\/api.w.org\/{rel}","templated":true}]}}