{"id":979,"date":"2022-08-04T16:47:23","date_gmt":"2022-08-04T19:47:23","guid":{"rendered":"http:\/\/localhost\/celi\/site\/?page_id=979"},"modified":"2022-09-22T15:34:06","modified_gmt":"2022-09-22T18:34:06","slug":"filosofia-do-celi","status":"publish","type":"page","link":"https:\/\/celi.cefet-rj.br\/?page_id=979","title":{"rendered":"Filosofia do CeLi"},"content":{"rendered":"\t\t<div data-elementor-type=\"wp-post\" data-elementor-id=\"979\" class=\"elementor elementor-979 elementor-bc-flex-widget\">\n\t\t\t\t\t\t<section class=\"elementor-section elementor-top-section elementor-element elementor-element-7602756 elementor-hidden-tablet elementor-hidden-phone elementor-section-boxed elementor-section-height-default elementor-section-height-default\" data-id=\"7602756\" data-element_type=\"section\">\n\t\t\t\t\t\t<div class=\"elementor-container elementor-column-gap-default\">\n\t\t\t\t\t<div class=\"elementor-column elementor-col-33 elementor-top-column elementor-element elementor-element-5871628\" data-id=\"5871628\" data-element_type=\"column\">\n\t\t\t<div class=\"elementor-widget-wrap elementor-element-populated\">\n\t\t\t\t\t\t<div class=\"elementor-element elementor-element-483a212 elementor-widget elementor-widget-wp-widget-nav_menu\" data-id=\"483a212\" data-element_type=\"widget\" data-widget_type=\"wp-widget-nav_menu.default\">\n\t\t\t\t<div class=\"elementor-widget-container\">\n\t\t\t\t\t<div class=\"menu-quem-somos-container\"><ul id=\"menu-quem-somos\" class=\"menu\"><li id=\"menu-item-1025\" class=\"menu-item menu-item-type-post_type menu-item-object-page current_page_parent menu-item-1025\"><a href=\"https:\/\/celi.cefet-rj.br\/?page_id=918\">\u00daltimas Not\u00edcias<\/a><\/li>\n<li id=\"menu-item-1022\" class=\"menu-item menu-item-type-post_type menu-item-object-page menu-item-has-children menu-item-1022\"><a href=\"https:\/\/celi.cefet-rj.br\/?page_id=922\">Quem Somos<\/a>\n<ul class=\"sub-menu\">\n\t<li id=\"menu-item-1003\" class=\"menu-item menu-item-type-post_type menu-item-object-page menu-item-1003\"><a href=\"https:\/\/celi.cefet-rj.br\/?page_id=976\">Hist\u00f3rico<\/a><\/li>\n\t<li id=\"menu-item-1002\" class=\"menu-item menu-item-type-post_type menu-item-object-page menu-item-1002\"><a href=\"https:\/\/celi.cefet-rj.br\/?page_id=979\">Filosofia do CeLi<\/a><\/li>\n\t<li id=\"menu-item-1004\" class=\"menu-item menu-item-type-post_type menu-item-object-page menu-item-1004\"><a href=\"https:\/\/celi.cefet-rj.br\/?page_id=982\">Objetivos<\/a><\/li>\n\t<li id=\"menu-item-1006\" class=\"menu-item menu-item-type-post_type menu-item-object-page menu-item-1006\"><a href=\"https:\/\/celi.cefet-rj.br\/?page_id=985\">P\u00fablico-Alvo<\/a><\/li>\n\t<li id=\"menu-item-1001\" class=\"menu-item menu-item-type-post_type menu-item-object-page menu-item-1001\"><a href=\"https:\/\/celi.cefet-rj.br\/?page_id=988\">Estat\u00edsticas<\/a><\/li>\n\t<li id=\"menu-item-1005\" class=\"menu-item menu-item-type-post_type menu-item-object-page menu-item-1005\"><a href=\"https:\/\/celi.cefet-rj.br\/?page_id=991\">Organograma<\/a><\/li>\n<\/ul>\n<\/li>\n<li id=\"menu-item-1020\" class=\"menu-item menu-item-type-post_type menu-item-object-page menu-item-1020\"><a href=\"https:\/\/celi.cefet-rj.br\/?page_id=485\">Projetos<\/a><\/li>\n<li id=\"menu-item-1016\" class=\"menu-item menu-item-type-post_type menu-item-object-page menu-item-1016\"><a href=\"https:\/\/celi.cefet-rj.br\/?page_id=925\">Eventos<\/a><\/li>\n<li id=\"menu-item-1014\" class=\"menu-item menu-item-type-post_type menu-item-object-page menu-item-1014\"><a href=\"https:\/\/celi.cefet-rj.br\/?page_id=928\">A\u00e7\u00f5es de Extens\u00e3o<\/a><\/li>\n<li id=\"menu-item-1015\" class=\"menu-item menu-item-type-post_type menu-item-object-page menu-item-1015\"><a href=\"https:\/\/celi.cefet-rj.br\/?page_id=931\">Certificados e Declara\u00e7\u00f5es<\/a><\/li>\n<li id=\"menu-item-1021\" class=\"menu-item menu-item-type-post_type menu-item-object-page menu-item-1021\"><a href=\"https:\/\/celi.cefet-rj.br\/?page_id=934\">Publica\u00e7\u00f5es<\/a><\/li>\n<li id=\"menu-item-1331\" class=\"menu-item menu-item-type-custom menu-item-object-custom menu-item-1331\"><a href=\"http:\/\/celi.cefet-rj.br\/concursos\">Inscri\u00e7\u00f5es<\/a><\/li>\n<li id=\"menu-item-1019\" class=\"menu-item menu-item-type-post_type menu-item-object-page menu-item-1019\"><a href=\"https:\/\/celi.cefet-rj.br\/?page_id=940\">Nossos Colaboradores<\/a><\/li>\n<li id=\"menu-item-1023\" class=\"menu-item menu-item-type-post_type menu-item-object-page menu-item-1023\"><a href=\"https:\/\/celi.cefet-rj.br\/?page_id=943\">Quero Ser Um Bolsista<\/a><\/li>\n<li id=\"menu-item-1024\" class=\"menu-item menu-item-type-post_type menu-item-object-page menu-item-1024\"><a href=\"https:\/\/celi.cefet-rj.br\/?page_id=946\">Quero Ser Um Volut\u00e1rio<\/a><\/li>\n<li id=\"menu-item-1017\" class=\"menu-item menu-item-type-post_type menu-item-object-page menu-item-1017\"><a href=\"https:\/\/celi.cefet-rj.br\/?page_id=959\">Fale Conosco<\/a><\/li>\n<\/ul><\/div>\t\t\t\t<\/div>\n\t\t\t\t<\/div>\n\t\t\t\t\t<\/div>\n\t\t<\/div>\n\t\t\t\t<div class=\"elementor-column elementor-col-66 elementor-top-column elementor-element elementor-element-0750904\" data-id=\"0750904\" data-element_type=\"column\">\n\t\t\t<div class=\"elementor-widget-wrap elementor-element-populated\">\n\t\t\t\t\t\t<div class=\"elementor-element elementor-element-14a95c8 elementor-widget elementor-widget-text-editor\" data-id=\"14a95c8\" data-element_type=\"widget\" data-widget_type=\"text-editor.default\">\n\t\t\t\t<div class=\"elementor-widget-container\">\n\t\t\t\t\t\t\t\t\t<div id=\"lipsum\"><p>Lorem ipsum dolor sit amet, consectetur adipiscing elit. Aenean vel diam eros. Vestibulum tincidunt nibh sed diam hendrerit interdum. Nullam congue condimentum lorem, sed pulvinar augue dignissim non. Vivamus bibendum ipsum quis efficitur posuere. Nunc vel dolor congue, vulputate elit ac, convallis eros. Proin fringilla varius cursus. Mauris odio nisi, imperdiet at efficitur at, varius sit amet risus.<\/p><p>Sed dignissim efficitur tincidunt. Ut posuere, justo sed suscipit aliquet, turpis ipsum tempus lectus, ac maximus diam urna aliquet lacus. Suspendisse faucibus magna sit amet ultrices efficitur. Aenean sodales augue lectus, id rhoncus neque scelerisque sed. Class aptent taciti sociosqu ad litora torquent per conubia nostra, per inceptos himenaeos. Nunc odio tellus, gravida quis nibh a, fringilla tristique enim. Phasellus quis neque quis erat ultrices condimentum. Phasellus ac nunc nec diam auctor congue. Mauris nec ullamcorper urna. Nam bibendum neque et turpis efficitur, eget dapibus felis viverra. Donec nec dapibus dolor. Donec sapien risus, consequat at odio eu, fringilla hendrerit diam. Sed in porta tellus. Quisque leo dui, auctor id odio non, fringilla fringilla justo. Nam at lacus vel sem vulputate scelerisque dignissim et orci.<\/p><\/div>\t\t\t\t\t\t\t\t<\/div>\n\t\t\t\t<\/div>\n\t\t\t\t\t<\/div>\n\t\t<\/div>\n\t\t\t\t\t<\/div>\n\t\t<\/section>\n\t\t\t\t<section class=\"elementor-section elementor-top-section elementor-element elementor-element-7121279 elementor-hidden-desktop elementor-section-boxed elementor-section-height-default elementor-section-height-default\" data-id=\"7121279\" data-element_type=\"section\">\n\t\t\t\t\t\t<div class=\"elementor-container elementor-column-gap-default\">\n\t\t\t\t\t<div class=\"elementor-column elementor-col-100 elementor-top-column elementor-element elementor-element-a26295a\" data-id=\"a26295a\" data-element_type=\"column\">\n\t\t\t<div class=\"elementor-widget-wrap elementor-element-populated\">\n\t\t\t\t\t\t<div class=\"elementor-element elementor-element-180d5cb elementor-widget elementor-widget-toggle\" data-id=\"180d5cb\" data-element_type=\"widget\" data-widget_type=\"toggle.default\">\n\t\t\t\t<div class=\"elementor-widget-container\">\n\t\t\t\t\t\t\t<div class=\"elementor-toggle\">\n\t\t\t\t\t\t\t<div class=\"elementor-toggle-item\">\n\t\t\t\t\t<div id=\"elementor-tab-title-2521\" class=\"elementor-tab-title\" data-tab=\"1\" role=\"button\" aria-controls=\"elementor-tab-content-2521\" aria-expanded=\"false\">\n\t\t\t\t\t\t\t\t\t\t\t\t<span class=\"elementor-toggle-icon elementor-toggle-icon-left\" aria-hidden=\"true\">\n\t\t\t\t\t\t\t\t\t\t\t\t\t\t\t<i class=\"elementor-toggle-icon-closed fa fa-list\"><\/i>\n\t\t\t\t\t\t\t\t<i class=\"elementor-toggle-icon-opened fa fa-list\"><\/i>\n\t\t\t\t\t\t\t\t\t\t\t\t\t<\/span>\n\t\t\t\t\t\t\t\t\t\t\t\t<a class=\"elementor-toggle-title\" tabindex=\"0\">Menu<\/a>\n\t\t\t\t\t<\/div>\n\n\t\t\t\t\t<div id=\"elementor-tab-content-2521\" class=\"elementor-tab-content elementor-clearfix\" data-tab=\"1\" role=\"region\" aria-labelledby=\"elementor-tab-title-2521\"><ul><li><a href=\"..\/site\/?page_id=918\">\u00daltimas Not\u00edcias<\/a><\/li><li><a href=\"..\/site\/?page_id=922\">Quem Somos<\/a><ul><li><a href=\"..\/site\/?page_id=976\">Hist\u00f3rico<\/a><\/li><li><a href=\"..\/site\/?page_id=979\">Filosofia do CELi<\/a><\/li><li><a href=\"..\/site\/?page_id=982\">Objetivos<\/a><\/li><li><a href=\"..\/site\/?page_id=985\">P\u00fablico-Alvo<\/a><\/li><li><a href=\"..\/site\/?page_id=988\">Estat\u00edsticas<\/a><\/li><li><a href=\"..\/site\/?page_id=991\">Organograma<\/a><\/li><\/ul><\/li><li><a href=\"..\/site\/?page_id=485\">Projetos<\/a><ul><li><a href=\"..\/site\/?page_id=51\">Olhos Meus<\/a><\/li><li><a href=\"..\/site\/?page_id=1258\">Projeto de L\u00ednguas<\/a><\/li><\/ul><\/li><li><a href=\"..\/site\/?page_id=925\">Eventos<\/a><ul><li><a href=\"..\/site\/?page_id=1034\">Eventos Atuais<\/a><\/li><li><a href=\"..\/site\/?page_id=1037\">Edi\u00e7\u00f5es<\/a><\/li><li><a href=\"..\/site\/?page_id=1040\">Galerias<\/a><\/li><li><a href=\"..\/site\/?page_id=1043\">Programa\u00e7\u00f5es<\/a><\/li><\/ul><\/li><li><a href=\"..\/site\/?page_id=928\">A\u00e7\u00f5es de Extens\u00e3o<\/a><\/li><li><a href=\"..\/celi\/site\/?page_id=931\">Certificados e Declra\u00e7\u00f5es<\/a><\/li><li><a href=\"..\/site\/?page_id=934\">Publica\u00e7\u00f5es<\/a><ul><li><a href=\"..\/site\/?page_id=56\">B\u00fassola Acad\u00eamica<\/a><\/li><li><a href=\"..\/site\/?page_id=1103\">Cap\u00edtulo de Livro\/UFAL<\/a><\/li><li><a href=\"..\/site\/?page_id=1106\">Resumos SEPEX<\/a><\/li><li><a href=\"..\/site\/?page_id=1109\">CBEU<\/a><\/li><li><a href=\"..\/site\/?page_id=1112\">Etarserra<\/a><\/li><li><a href=\"..\/site\/?page_id=1115\">Cartilhas Inca<\/a><\/li><\/ul><\/li><li><a href=\"http:\/\/celi.cefet-rj.br\/concursos\">Inscri\u00e7\u00f5es<\/a><\/li><li><a href=\"..\/site\/?page_id=940\">Nossos Colaboradores<\/a><\/li><li><a href=\"..\/site\/?page_id=943\">Quero Ser Um Bolsista<\/a><ul><li><a href=\"..\/site\/?page_id=1174\">O que faz um Bolsista<\/a><\/li><li><a href=\"..\/site\/?page_id=1177\">Bolsa PBEXT<\/a><\/li><li><a href=\"..\/site\/?page_id=1180\">Edital do Ano Atual<\/a><\/li><\/ul><\/li><li><a href=\"..\/site\/?page_id=946\">Quero Ser Um Volunt\u00e1rio<\/a><ul><li><a href=\"..\/site\/?page_id=1205\">O que faz um Volunt\u00e1rio<\/a><\/li><li><a href=\"..\/site\/?page_id=1208\">Como Proceder<\/a><\/li><\/ul><\/li><li><a href=\"..\/site\/?page_id=959\">Fale Conosco<\/a><\/li><\/ul><\/div>\n\t\t\t\t<\/div>\n\t\t\t\t\t\t\t\t<\/div>\n\t\t\t\t\t\t<\/div>\n\t\t\t\t<\/div>\n\t\t\t\t<div class=\"elementor-element elementor-element-6e4b397 elementor-widget elementor-widget-text-editor\" data-id=\"6e4b397\" data-element_type=\"widget\" data-widget_type=\"text-editor.default\">\n\t\t\t\t<div class=\"elementor-widget-container\">\n\t\t\t\t\t\t\t\t\t<div id=\"lipsum\"><p>Lorem ipsum dolor sit amet, consectetur adipiscing elit. Aenean vel diam eros. Vestibulum tincidunt nibh sed diam hendrerit interdum. Nullam congue condimentum lorem, sed pulvinar augue dignissim non. Vivamus bibendum ipsum quis efficitur posuere. Nunc vel dolor congue, vulputate elit ac, convallis eros. Proin fringilla varius cursus. Mauris odio nisi, imperdiet at efficitur at, varius sit amet risus.<\/p><p>Sed dignissim efficitur tincidunt. Ut posuere, justo sed suscipit aliquet, turpis ipsum tempus lectus, ac maximus diam urna aliquet lacus. Suspendisse faucibus magna sit amet ultrices efficitur. Aenean sodales augue lectus, id rhoncus neque scelerisque sed. Class aptent taciti sociosqu ad litora torquent per conubia nostra, per inceptos himenaeos. Nunc odio tellus, gravida quis nibh a, fringilla tristique enim. Phasellus quis neque quis erat ultrices condimentum. Phasellus ac nunc nec diam auctor congue. Mauris nec ullamcorper urna. Nam bibendum neque et turpis efficitur, eget dapibus felis viverra. Donec nec dapibus dolor. Donec sapien risus, consequat at odio eu, fringilla hendrerit diam. Sed in porta tellus. Quisque leo dui, auctor id odio non, fringilla fringilla justo. Nam at lacus vel sem vulputate scelerisque dignissim et orci.<\/p><\/div>\t\t\t\t\t\t\t\t<\/div>\n\t\t\t\t<\/div>\n\t\t\t\t\t<\/div>\n\t\t<\/div>\n\t\t\t\t\t<\/div>\n\t\t<\/section>\n\t\t\t\t<\/div>\n\t\t","protected":false},"excerpt":{"rendered":"<p>Lorem ipsum dolor sit amet, consectetur adipiscing elit. Aenean vel diam eros. Vestibulum tincidunt nibh sed diam hendrerit interdum. Nullam congue condimentum lorem, sed pulvinar augue dignissim non. Vivamus bibendum ipsum quis efficitur posuere. Nunc vel dolor congue, vulputate elit ac, convallis eros. Proin fringilla varius cursus. Mauris odio nisi, imperdiet at efficitur at, varius [&hellip;]<\/p>\n","protected":false},"author":1,"featured_media":0,"parent":922,"menu_order":0,"comment_status":"closed","ping_status":"closed","template":"","meta":{"footnotes":""},"class_list":["post-979","page","type-page","status-publish","hentry","entry"],"_links":{"self":[{"href":"https:\/\/celi.cefet-rj.br\/index.php?rest_route=\/wp\/v2\/pages\/979","targetHints":{"allow":["GET"]}}],"collection":[{"href":"https:\/\/celi.cefet-rj.br\/index.php?rest_route=\/wp\/v2\/pages"}],"about":[{"href":"https:\/\/celi.cefet-rj.br\/index.php?rest_route=\/wp\/v2\/types\/page"}],"author":[{"embeddable":true,"href":"https:\/\/celi.cefet-rj.br\/index.php?rest_route=\/wp\/v2\/users\/1"}],"replies":[{"embeddable":true,"href":"https:\/\/celi.cefet-rj.br\/index.php?rest_route=%2Fwp%2Fv2%2Fcomments&post=979"}],"version-history":[{"count":9,"href":"https:\/\/celi.cefet-rj.br\/index.php?rest_route=\/wp\/v2\/pages\/979\/revisions"}],"predecessor-version":[{"id":1488,"href":"https:\/\/celi.cefet-rj.br\/index.php?rest_route=\/wp\/v2\/pages\/979\/revisions\/1488"}],"up":[{"embeddable":true,"href":"https:\/\/celi.cefet-rj.br\/index.php?rest_route=\/wp\/v2\/pages\/922"}],"wp:attachment":[{"href":"https:\/\/celi.cefet-rj.br\/index.php?rest_route=%2Fwp%2Fv2%2Fmedia&parent=979"}],"curies":[{"name":"wp","href":"https:\/\/api.w.org\/{rel}","templated":true}]}}