{"id":991,"date":"2022-08-04T16:48:00","date_gmt":"2022-08-04T19:48:00","guid":{"rendered":"http:\/\/localhost\/celi\/site\/?page_id=991"},"modified":"2022-08-18T14:18:32","modified_gmt":"2022-08-18T17:18:32","slug":"organograma","status":"publish","type":"page","link":"https:\/\/celi.cefet-rj.br\/?page_id=991","title":{"rendered":"Organograma"},"content":{"rendered":"\t\t<div data-elementor-type=\"wp-post\" data-elementor-id=\"991\" class=\"elementor elementor-991 elementor-bc-flex-widget\">\n\t\t\t\t\t\t<section class=\"elementor-section elementor-top-section elementor-element elementor-element-f6cb7c9 elementor-hidden-tablet elementor-hidden-phone elementor-section-boxed elementor-section-height-default elementor-section-height-default\" data-id=\"f6cb7c9\" data-element_type=\"section\">\n\t\t\t\t\t\t<div class=\"elementor-container elementor-column-gap-default\">\n\t\t\t\t\t<div class=\"elementor-column elementor-col-33 elementor-top-column elementor-element elementor-element-d5fb7af\" data-id=\"d5fb7af\" data-element_type=\"column\">\n\t\t\t<div class=\"elementor-widget-wrap elementor-element-populated\">\n\t\t\t\t\t\t<div class=\"elementor-element elementor-element-a39c2c6 elementor-widget elementor-widget-wp-widget-nav_menu\" data-id=\"a39c2c6\" data-element_type=\"widget\" data-widget_type=\"wp-widget-nav_menu.default\">\n\t\t\t\t<div class=\"elementor-widget-container\">\n\t\t\t\t\t<div class=\"menu-quem-somos-container\"><ul id=\"menu-quem-somos\" class=\"menu\"><li id=\"menu-item-1025\" class=\"menu-item menu-item-type-post_type menu-item-object-page current_page_parent menu-item-1025\"><a href=\"https:\/\/celi.cefet-rj.br\/?page_id=918\">\u00daltimas Not\u00edcias<\/a><\/li>\n<li id=\"menu-item-1022\" class=\"menu-item menu-item-type-post_type menu-item-object-page menu-item-has-children menu-item-1022\"><a href=\"https:\/\/celi.cefet-rj.br\/?page_id=922\">Quem Somos<\/a>\n<ul class=\"sub-menu\">\n\t<li id=\"menu-item-1003\" class=\"menu-item menu-item-type-post_type menu-item-object-page menu-item-1003\"><a href=\"https:\/\/celi.cefet-rj.br\/?page_id=976\">Hist\u00f3rico<\/a><\/li>\n\t<li id=\"menu-item-1002\" class=\"menu-item menu-item-type-post_type menu-item-object-page menu-item-1002\"><a href=\"https:\/\/celi.cefet-rj.br\/?page_id=979\">Filosofia do CeLi<\/a><\/li>\n\t<li id=\"menu-item-1004\" class=\"menu-item menu-item-type-post_type menu-item-object-page menu-item-1004\"><a href=\"https:\/\/celi.cefet-rj.br\/?page_id=982\">Objetivos<\/a><\/li>\n\t<li id=\"menu-item-1006\" class=\"menu-item menu-item-type-post_type menu-item-object-page menu-item-1006\"><a href=\"https:\/\/celi.cefet-rj.br\/?page_id=985\">P\u00fablico-Alvo<\/a><\/li>\n\t<li id=\"menu-item-1001\" class=\"menu-item menu-item-type-post_type menu-item-object-page menu-item-1001\"><a href=\"https:\/\/celi.cefet-rj.br\/?page_id=988\">Estat\u00edsticas<\/a><\/li>\n\t<li id=\"menu-item-1005\" class=\"menu-item menu-item-type-post_type menu-item-object-page menu-item-1005\"><a href=\"https:\/\/celi.cefet-rj.br\/?page_id=991\">Organograma<\/a><\/li>\n<\/ul>\n<\/li>\n<li id=\"menu-item-1020\" class=\"menu-item menu-item-type-post_type menu-item-object-page menu-item-1020\"><a href=\"https:\/\/celi.cefet-rj.br\/?page_id=485\">Projetos<\/a><\/li>\n<li id=\"menu-item-1016\" class=\"menu-item menu-item-type-post_type menu-item-object-page menu-item-1016\"><a href=\"https:\/\/celi.cefet-rj.br\/?page_id=925\">Eventos<\/a><\/li>\n<li id=\"menu-item-1014\" class=\"menu-item menu-item-type-post_type menu-item-object-page menu-item-1014\"><a href=\"https:\/\/celi.cefet-rj.br\/?page_id=928\">A\u00e7\u00f5es de Extens\u00e3o<\/a><\/li>\n<li id=\"menu-item-1015\" class=\"menu-item menu-item-type-post_type menu-item-object-page menu-item-1015\"><a href=\"https:\/\/celi.cefet-rj.br\/?page_id=931\">Certificados e Declara\u00e7\u00f5es<\/a><\/li>\n<li id=\"menu-item-1021\" class=\"menu-item menu-item-type-post_type menu-item-object-page menu-item-1021\"><a href=\"https:\/\/celi.cefet-rj.br\/?page_id=934\">Publica\u00e7\u00f5es<\/a><\/li>\n<li id=\"menu-item-1331\" class=\"menu-item menu-item-type-custom menu-item-object-custom menu-item-1331\"><a href=\"http:\/\/celi.cefet-rj.br\/concursos\">Inscri\u00e7\u00f5es<\/a><\/li>\n<li id=\"menu-item-1019\" class=\"menu-item menu-item-type-post_type menu-item-object-page menu-item-1019\"><a href=\"https:\/\/celi.cefet-rj.br\/?page_id=940\">Nossos Colaboradores<\/a><\/li>\n<li id=\"menu-item-1023\" class=\"menu-item menu-item-type-post_type menu-item-object-page menu-item-1023\"><a href=\"https:\/\/celi.cefet-rj.br\/?page_id=943\">Quero Ser Um Bolsista<\/a><\/li>\n<li id=\"menu-item-1024\" class=\"menu-item menu-item-type-post_type menu-item-object-page menu-item-1024\"><a href=\"https:\/\/celi.cefet-rj.br\/?page_id=946\">Quero Ser Um Volut\u00e1rio<\/a><\/li>\n<li id=\"menu-item-1017\" class=\"menu-item menu-item-type-post_type menu-item-object-page menu-item-1017\"><a href=\"https:\/\/celi.cefet-rj.br\/?page_id=959\">Fale Conosco<\/a><\/li>\n<\/ul><\/div>\t\t\t\t<\/div>\n\t\t\t\t<\/div>\n\t\t\t\t\t<\/div>\n\t\t<\/div>\n\t\t\t\t<div class=\"elementor-column elementor-col-66 elementor-top-column elementor-element elementor-element-12a06f7\" data-id=\"12a06f7\" data-element_type=\"column\">\n\t\t\t<div class=\"elementor-widget-wrap elementor-element-populated\">\n\t\t\t\t\t\t<div class=\"elementor-element elementor-element-98dc01a elementor-widget elementor-widget-text-editor\" data-id=\"98dc01a\" data-element_type=\"widget\" data-widget_type=\"text-editor.default\">\n\t\t\t\t<div class=\"elementor-widget-container\">\n\t\t\t\t\t\t\t\t\t<script src=\"https:\/\/ajax.googleapis.com\/ajax\/libs\/jquery\/1.8.3\/jquery.min.js\"><\/script>\n<style>\n\n.primaryNav {\n\tclear: both;\n\twidth: 100%;\n\tmargin-top: 8em;\n\ttext-align: center;\n\n}\n.primaryNav #home {\n\tposition: absolute;\n\tmargin-top: -4em;\n\tmargin-bottom: 0;\n\tmin-width: 11.5em;\n\twidth: 100%;\n\tfont-size: 25px;\n\t\n}\n.primaryNav #home:before {\n\tdisplay: none;\n}\n.primaryNav ul {\n\tdisplay: flex;\n\tflex-wrap: wrap;\n\tlist-style: none;\n\tposition: relative;\n}\n.primaryNav li {\n\tflex: 1;\n\tflex-basis: 11.5em;\n\tpadding-right: 1.25em;\n\tposition: relative;\n}\n.primaryNav > ul > li {\n\tmargin-top: 3em;\n}\n.primaryNav li a {\n\tmargin: 0;\n\tpadding: .875em .9375em .9375em .9375em;\n\tdisplay: block;\n\tfont-size: .9375em;\n\tfont-weight: bold;\n\tcolor: white;\n\tbackground: #3d5564;\n\ttext-shadow: 0 0 10px rgba(0,0,0,.1);\n\tborder: 1px solid  rgba(0,0,0,.025);\n\tbox-shadow: 0px 2px 1px rgba(0,0,0,0.15);\n\ttext-decoration: none;\n}\n.primaryNav li a:hover {\n\tbackground-color: #26343d;\n}\n.primaryNav a:link:after,\n.primaryNav a:visited:after,\n.utilityNav a:link:after,\n.utilityNav a:visited:after {\n\tdisplay: block;\n\tfont-weight: 600;\n\tfont-size: .75em;\n\tmargin-top: .25em;\n\tword-wrap: break-word;\n\tcolor: rgba(255,255,255,.75);\n}\n\n.primaryNav ul ul {\n\tdisplay: block;\n}\n.primaryNav ul ul li {\n\tpadding-top: .6875em;\n\tpadding-right: 0;\n}\n.primaryNav ul ul li a {\n\t\n\tbackground-color: #4f718a;\n}\n.primaryNav ul ul li a:hover {\n\tbackground-color: #3a749b;\n}\n.primaryNav ul ul li:first-child {\n\tpadding-top: 2em;\n}\n\n.primaryNav ul ul ul {\n\tmargin-top: .6em;\n\tpadding-top: .6em;\n\tpadding-bottom: .625em;\n}\n.primaryNav ul ul ul li {\n\tpadding-top: .3125em;\n\tpadding-bottom: .3125em;\n}\n.primaryNav ul ul ul li a {\n\tbackground-color: #6793b3;\n\tfont-size: .75em;\n\tpadding: .75em;\n\twidth: 90%;\n\tmargin-right: 0;\n\tmargin-left: auto;\n}\n.primaryNav ul ul ul li a:hover {\n\tbackground-color: #4383b1;\n}\n.primaryNav ul ul ul li:first-child {\n\tpadding-top: 1em;\n}\n.primaryNav ul ul ul li a:link:after,\n.primaryNav ul ul ul li a:visited:after {\n\tfont-size: .75em;\n}\n.primaryNav ul:before,\n.primaryNav ul:after,\n.primaryNav ul li:before,\n.primaryNav ul li:after {\n\tdisplay: block;\n\tcontent: '';\n\tposition: absolute;\n\tborder-width: 0;\n\tborder-color: #e3e3e3;\n\tborder-style: solid;\n\tz-index: -1;\n\n}\n.primaryNav > ul > li:before {\n\theight: 1.375em;\n\ttop: -1.375em;;\n\tright: calc(50% + .625em);\n\twidth: calc(100% - 2px);\n\tborder-top-width: 2px;\n\tborder-right-width: 2px;\n\t\n}\n.primaryNav > ul > li:first-child + li:before {\n\tborder-top-width: 0;\n\theight: 5em;\n\ttop: -5em;\n\t\n}\n.primaryNav ul ul li:after {\n\twidth: 50%;\n\theight: .6875em;\n\ttop: 0;\n\tright: 1px;\n\tborder-left-width: 2px;\n\t\n}\n.primaryNav ul ul li:first-child:before {\n\twidth: 50%;\n\theight: 1.3125em;\n\ttop: .6875em;\n\tright: 1px;\n\tborder-left-width: 2px;\n\n}\n.primaryNav > ul > li:last-child:after {\n\tborder-bottom-width: 0;\n}\n.primaryNav ul ul ul li:before {\n\twidth: calc(50% - 5px) !important;\n\theight: calc(100% - 2px);\n\ttop: -50%;\n\tleft: 0;\n\tborder-left-width: 2px;\n\tborder-bottom-width: 2px;\n\t\n}\n.primaryNav ul ul ul li:first-child:before {\n\theight: 2.125em;\n\ttop: -1px;\n\tborder-top-width: 2px;\n\n}\n.primaryNav ul ul ul:before {\n\twidth: 50%;\n\theight: 1.25em;\n\ttop: -10px;\n\tright: 1px;\n\tborder-left-width: 2px;\n\n}\n.primaryNav ul ul ul li:after {\n\tborder-width: 0;\n}\n.primaryNav ul ul ul ul li:before,\n.primaryNav ul ul ul ul li:first-child:before {\n\tdisplay: none;\n}\n\n.primaryNav ul ul ul ul:before {\n\twidth: 1px;\n\theight: calc(100% + 2.5em);\n\ttop: -2.5em;\n\tleft: 0;\n\tborder-left-width: 2px;\n}\n\n\n.utilityNav {\n\tfloat: right;\n\tmargin-top: 0;\n\tmargin-bottom: -.25em;\n\tmargin-right: 1.25em;\n\tmax-width: 48%;\n\tlist-style-type: none;\n}\n.utilityNav li {\n\tpadding: 0 0 .625em .625em;\n\tdisplay: inline-block;\n}\n\n.utilityNav li a {\n\tdisplay: block;\n\tfont-size: .75em;\n\tfont-weight: 700;\n\tpadding: .75em 1em;\n\tfont-weight: bold;\n\ttext-align: left;\n\tcolor: white;\n\tbackground-color: #6793b3;\n\tborder: 1px solid  rgba(0,0,0,.025);\n\tbox-shadow: 0px 2px 0 rgba(0,0,0,0.15);\n\ttext-shadow: 0 0 10px rgba(0,0,0,.15);\n\ttext-decoration: none;\n}\n.utilityNav li a:hover {\n\tbackground-color: #6793b3;\n}\n.utilityNav li a:link:after,\n.utilityNav li a:visited:after {\n\tcolor: rgba(255,255,255,.75);\n\tfont-size: .75em;\n\tfont-weight: 600;\n\tmargin-top: .25em;\n}\n\n@media screen and (max-width: 30em) {\n\t.primaryNav ul {\n\t\tdisplay: block;\n\t}\n\t.primaryNav li {\n\t\twidth: 100%;\n\t\tpadding-right: 0;\n\t}\n\t.primaryNav #home {\n\t\twidth: 100%;\n\t\tposition: relative;\n\t\tmargin-bottom: -1em;\n\t\tmargin-top: 0;\n\t}\n\t.utilityNav {\n\t\tfloat: none;\n\t\tdisplay: block;\n\t\twidth: 100%;\n\t\ttext-align: right;\n\t\tmargin-bottom: 2.5em;\n\t\tmax-width: 100%;\n\t}\n}\n.celi-organograma{\n    width: 120px;\n    \n}\n\n@media screen and (min-width: 30em) {\n\t.primaryNav > ul > li {\tmax-width: 50%;\t}\n}\n\n@media screen and (min-width: 38.5em) {\n\t.primaryNav > ul > li {\tmax-width: 33%;\t}\n}\n\n@media screen and (min-width: 50em) {\n\t.primaryNav > ul > li {\tmax-width: 25%;\t}\n}\n<\/style>\n\n\n\n<div id=\"container\">\n<nav class=\"primaryNav\">\n\t\t\t<ul>\n\t\t\t\t<li id=\"home\"><a> <img decoding=\"async\" class=\"celi-organograma\" src=\"..\/..\/..\/arquivosfixos\/midia\/logo-white.png\" alt=\"Celi\"><\/a><\/li>\n\t\t\t\t<li><a id=\"projeto\">Projetos<\/a>\n\t\t\t\t\t<ul id=\"projhideshow\">\n\t\t\t\t\t\t<li><a href=\"\"> L\u00ednguas Adicionais<\/a>\n\t\t\t\t\t\t<ul>\n\t\t\t\t\t\t<li><a id=\"ashow\">Lingua Alem\u00e3<\/a>\n\t\t\t\t\t\t\t\n\t\t\t\t\t\t\t<\/li>\n\t\t\t\t\t\t\t<li><a id=\"eshow\" href=\"\">L\u00edngua Espanhola<\/a>\n\t\t\t\t\t       \n\t\t\t\t            <\/li>\n\t\t\t\t\t\t\t\t\n\t\t\t\t\t\t\t\n\t\t\t\t\t\t\t<li><a id=\"ishow\" href=\"\">L\u00edngua Inglesa<\/a>\n\t\t\t\t\t\t\t<\/li>\n\t\t\t\t\t\t\t\n\t\t\t\t\t\t\t<li><a id=\"sshow\" href=\"\">L\u00ednguas Surdas<\/a>\n\t\t\t\t\t\t\t\n\t\t\t\t\t\t\t<\/li>\n\t\t\t\t\t\t\t<\/ul>\n\t\t\t\t\t\t<\/li>\n\t\t\t\t\t\t<li><a href=\"\">Ingl\u00eas no NAE<\/a><\/li>\n\t\t\t\t\t\t<li><a href=\"\">B\u00fassola Acad\u00eamica<\/a><\/li>\n\t\t\t\t\t\t\n\t\t\t\t\t<\/ul>\n\t\t\t\t<\/li>\n\t\t\t\t\n\t\t\t\t<li><a href=\"\"> Outros Projetos<\/a>\n\t\t\t\t    <ul>\n\t\t\t\t        <li><a href=\"\">Olhos Meus<\/a><\/li>\n\t\t\t\t\t\t<li><a href=\"\">Conversas com quem gosta de ensinar<\/a><\/li>\n\t\t\t\t\t\t<li><a href=\"\">Respire, n\u00e3o pire!<\/a><\/li>\n\t\t\t\t\t\t<li><a href=\"\">CELiNFO<\/a><\/li>\n\t\t\t\t    <\/ul>\n\t\t\t\t<\/li>\n\t\t\t\t\t\n\t\t\t\t<li><a href=\"\">Eventos<\/a>\n\t\t\t\t\t<ul>\n\t\t\t\t\t\t<li><a href=\"\">SESINF<\/a><\/li>\n\t\t\t\t\t\t<li><a href=\"\">CEFETalent!<\/a><\/li>\n\t\t\t\t\t\t\n\t\t\t\t\t<\/ul>\n\t\t\t\t<\/li>\n\t\t\t\t<li><a href=\"\">Outras Atividades<\/a>\n\t\t\t\t\t<ul>\n\t\t\t\t\t\t<li><a href=\"\">Oficina de Capacita\u00e7\u00e3o para ledores e audiodescritores<\/a><\/li>\n\t\t\t\t\t\n\t\t\t\t\t<\/ul>\n\t\t\t\t<\/li>\n\t\t\t\t\n\t\t\t        \n\t\t\t\t\t<\/ul>\n\t\t\t\t\n\t\t\t\n\n\t\t<\/nav>\n\t<\/div>\n\t\t\t\t\t\t\t\t<\/div>\n\t\t\t\t<\/div>\n\t\t\t\t\t<\/div>\n\t\t<\/div>\n\t\t\t\t\t<\/div>\n\t\t<\/section>\n\t\t\t\t<section class=\"elementor-section elementor-top-section elementor-element elementor-element-0ae3df5 elementor-hidden-desktop elementor-section-boxed elementor-section-height-default elementor-section-height-default\" data-id=\"0ae3df5\" data-element_type=\"section\">\n\t\t\t\t\t\t<div class=\"elementor-container elementor-column-gap-default\">\n\t\t\t\t\t<div class=\"elementor-column elementor-col-100 elementor-top-column elementor-element elementor-element-20e14e3\" data-id=\"20e14e3\" data-element_type=\"column\">\n\t\t\t<div class=\"elementor-widget-wrap elementor-element-populated\">\n\t\t\t\t\t\t<div class=\"elementor-element elementor-element-c4f39c5 elementor-widget elementor-widget-toggle\" data-id=\"c4f39c5\" data-element_type=\"widget\" data-widget_type=\"toggle.default\">\n\t\t\t\t<div class=\"elementor-widget-container\">\n\t\t\t\t\t\t\t<div class=\"elementor-toggle\">\n\t\t\t\t\t\t\t<div class=\"elementor-toggle-item\">\n\t\t\t\t\t<div id=\"elementor-tab-title-2061\" class=\"elementor-tab-title\" data-tab=\"1\" role=\"button\" aria-controls=\"elementor-tab-content-2061\" aria-expanded=\"false\">\n\t\t\t\t\t\t\t\t\t\t\t\t<span class=\"elementor-toggle-icon elementor-toggle-icon-left\" aria-hidden=\"true\">\n\t\t\t\t\t\t\t\t\t\t\t\t\t\t\t<i class=\"elementor-toggle-icon-closed fa fa-list\"><\/i>\n\t\t\t\t\t\t\t\t<i class=\"elementor-toggle-icon-opened fa fa-list\"><\/i>\n\t\t\t\t\t\t\t\t\t\t\t\t\t<\/span>\n\t\t\t\t\t\t\t\t\t\t\t\t<a class=\"elementor-toggle-title\" tabindex=\"0\">Menu<\/a>\n\t\t\t\t\t<\/div>\n\n\t\t\t\t\t<div id=\"elementor-tab-content-2061\" class=\"elementor-tab-content elementor-clearfix\" data-tab=\"1\" role=\"region\" aria-labelledby=\"elementor-tab-title-2061\"><ul><li><a href=\"..\/site\/?page_id=918\">\u00daltimas Not\u00edcias<\/a><\/li><li><a href=\"..\/site\/?page_id=922\">Quem Somos<\/a><ul><li><a href=\"..\/site\/?page_id=976\">Hist\u00f3rico<\/a><\/li><li><a href=\"..\/site\/?page_id=979\">Filosofia do CELi<\/a><\/li><li><a href=\"..\/site\/?page_id=982\">Objetivos<\/a><\/li><li><a href=\"..\/site\/?page_id=985\">P\u00fablico-Alvo<\/a><\/li><li><a href=\"..\/site\/?page_id=988\">Estat\u00edsticas<\/a><\/li><li><a href=\"..\/site\/?page_id=991\">Organograma<\/a><\/li><\/ul><\/li><li><a href=\"..\/site\/?page_id=485\">Projetos<\/a><ul><li><a href=\"..\/site\/?page_id=51\">Olhos Meus<\/a><\/li><li><a href=\"..\/site\/?page_id=1258\">Projeto de L\u00ednguas<\/a><\/li><\/ul><\/li><li><a href=\"..\/site\/?page_id=925\">Eventos<\/a><ul><li><a href=\"..\/site\/?page_id=1034\">Eventos Atuais<\/a><\/li><li><a href=\"..\/site\/?page_id=1037\">Edi\u00e7\u00f5es<\/a><\/li><li><a href=\"..\/site\/?page_id=1040\">Galerias<\/a><\/li><li><a href=\"..\/site\/?page_id=1043\">Programa\u00e7\u00f5es<\/a><\/li><\/ul><\/li><li><a href=\"..\/site\/?page_id=928\">A\u00e7\u00f5es de Extens\u00e3o<\/a><\/li><li><a href=\"..\/celi\/site\/?page_id=931\">Certificados e Declra\u00e7\u00f5es<\/a><\/li><li><a href=\"..\/site\/?page_id=934\">Publica\u00e7\u00f5es<\/a><ul><li><a href=\"..\/site\/?page_id=56\">B\u00fassola Acad\u00eamica<\/a><\/li><li><a href=\"..\/site\/?page_id=1103\">Cap\u00edtulo de Livro\/UFAL<\/a><\/li><li><a href=\"..\/site\/?page_id=1106\">Resumos SEPEX<\/a><\/li><li><a href=\"..\/site\/?page_id=1109\">CBEU<\/a><\/li><li><a href=\"..\/site\/?page_id=1112\">Etarserra<\/a><\/li><li><a href=\"..\/site\/?page_id=1115\">Cartilhas Inca<\/a><\/li><\/ul><\/li><li><a href=\"http:\/\/celi.cefet-rj.br\/concursos\">Inscri\u00e7\u00f5es<\/a><\/li><li><a href=\"..\/site\/?page_id=940\">Nossos Colaboradores<\/a><\/li><li><a href=\"..\/site\/?page_id=943\">Quero Ser Um Bolsista<\/a><ul><li><a href=\"..\/site\/?page_id=1174\">O que faz um Bolsista<\/a><\/li><li><a href=\"..\/site\/?page_id=1177\">Bolsa PBEXT<\/a><\/li><li><a href=\"..\/site\/?page_id=1180\">Edital do Ano Atual<\/a><\/li><\/ul><\/li><li><a href=\"..\/site\/?page_id=946\">Quero Ser Um Volunt\u00e1rio<\/a><ul><li><a href=\"..\/site\/?page_id=1205\">O que faz um Volunt\u00e1rio<\/a><\/li><li><a href=\"..\/site\/?page_id=1208\">Como Proceder<\/a><\/li><\/ul><\/li><li><a href=\"..\/site\/?page_id=959\">Fale Conosco<\/a><\/li><\/ul><\/div>\n\t\t\t\t<\/div>\n\t\t\t\t\t\t\t\t<\/div>\n\t\t\t\t\t\t<\/div>\n\t\t\t\t<\/div>\n\t\t\t\t\t<\/div>\n\t\t<\/div>\n\t\t\t\t\t<\/div>\n\t\t<\/section>\n\t\t\t\t<section class=\"elementor-section elementor-top-section elementor-element elementor-element-582e078 elementor-hidden-desktop elementor-section-boxed elementor-section-height-default elementor-section-height-default\" data-id=\"582e078\" data-element_type=\"section\">\n\t\t\t\t\t\t<div class=\"elementor-container elementor-column-gap-default\">\n\t\t\t\t\t<div class=\"elementor-column elementor-col-100 elementor-top-column elementor-element elementor-element-0225c23\" data-id=\"0225c23\" data-element_type=\"column\">\n\t\t\t<div class=\"elementor-widget-wrap elementor-element-populated\">\n\t\t\t\t\t\t<div class=\"elementor-element elementor-element-7537109 elementor-widget elementor-widget-text-editor\" data-id=\"7537109\" data-element_type=\"widget\" data-widget_type=\"text-editor.default\">\n\t\t\t\t<div class=\"elementor-widget-container\">\n\t\t\t\t\t\t\t\t\t<script src=\"https:\/\/ajax.googleapis.com\/ajax\/libs\/jquery\/1.8.3\/jquery.min.js\"><\/script>\n<style>\n\n.primaryNav {\n\tclear: both;\n\twidth: 100%;\n\tmargin-top: 8em;\n\ttext-align: center;\n\n}\n.primaryNav #home {\n\tposition: absolute;\n\tmargin-top: -4em;\n\tmargin-bottom: 0;\n\tmin-width: 11.5em;\n\twidth: 100%;\n\tfont-size: 25px;\n\t\n}\n.primaryNav #home:before {\n\tdisplay: none;\n}\n.primaryNav ul {\n\tdisplay: flex;\n\tflex-wrap: wrap;\n\tlist-style: none;\n\tposition: relative;\n}\n.primaryNav li {\n\tflex: 1;\n\tflex-basis: 11.5em;\n\tpadding-right: 1.25em;\n\tposition: relative;\n}\n.primaryNav > ul > li {\n\tmargin-top: 3em;\n}\n.primaryNav li a {\n\tmargin: 0;\n\tpadding: .875em .9375em .9375em .9375em;\n\tdisplay: block;\n\tfont-size: .9375em;\n\tfont-weight: bold;\n\tcolor: white;\n\tbackground: #3d5564;\n\ttext-shadow: 0 0 10px rgba(0,0,0,.1);\n\tborder: 1px solid  rgba(0,0,0,.025);\n\tbox-shadow: 0px 2px 1px rgba(0,0,0,0.15);\n\ttext-decoration: none;\n}\n.primaryNav li a:hover {\n\tbackground-color: #26343d;\n}\n.primaryNav a:link:after,\n.primaryNav a:visited:after,\n.utilityNav a:link:after,\n.utilityNav a:visited:after {\n\tdisplay: block;\n\tfont-weight: 600;\n\tfont-size: .75em;\n\tmargin-top: .25em;\n\tword-wrap: break-word;\n\tcolor: rgba(255,255,255,.75);\n}\n\n.primaryNav ul ul {\n\tdisplay: block;\n}\n.primaryNav ul ul li {\n\tpadding-top: .6875em;\n\tpadding-right: 0;\n}\n.primaryNav ul ul li a {\n\t\n\tbackground-color: #4f718a;\n}\n.primaryNav ul ul li a:hover {\n\tbackground-color: #3a749b;\n}\n.primaryNav ul ul li:first-child {\n\tpadding-top: 2em;\n}\n\n.primaryNav ul ul ul {\n\tmargin-top: .6em;\n\tpadding-top: .6em;\n\tpadding-bottom: .625em;\n}\n.primaryNav ul ul ul li {\n\tpadding-top: .3125em;\n\tpadding-bottom: .3125em;\n}\n.primaryNav ul ul ul li a {\n\tbackground-color: #6793b3;\n\tfont-size: .75em;\n\tpadding: .75em;\n\twidth: 90%;\n\tmargin-right: 0;\n\tmargin-left: auto;\n}\n.primaryNav ul ul ul li a:hover {\n\tbackground-color: #4383b1;\n}\n.primaryNav ul ul ul li:first-child {\n\tpadding-top: 1em;\n}\n.primaryNav ul ul ul li a:link:after,\n.primaryNav ul ul ul li a:visited:after {\n\tfont-size: .75em;\n}\n.primaryNav ul:before,\n.primaryNav ul:after,\n.primaryNav ul li:before,\n.primaryNav ul li:after {\n\tdisplay: block;\n\tcontent: '';\n\tposition: absolute;\n\tborder-width: 0;\n\tborder-color: #e3e3e3;\n\tborder-style: solid;\n\tz-index: -1;\n\n}\n.primaryNav > ul > li:before {\n\theight: 1.375em;\n\ttop: -1.375em;;\n\tright: calc(50% + .625em);\n\twidth: calc(100% - 2px);\n\tborder-top-width: 2px;\n\tborder-right-width: 2px;\n\t\n}\n.primaryNav > ul > li:first-child + li:before {\n\tborder-top-width: 0;\n\theight: 5em;\n\ttop: -5em;\n\t\n}\n.primaryNav ul ul li:after {\n\twidth: 50%;\n\theight: .6875em;\n\ttop: 0;\n\tright: 1px;\n\tborder-left-width: 2px;\n\t\n}\n.primaryNav ul ul li:first-child:before {\n\twidth: 50%;\n\theight: 1.3125em;\n\ttop: .6875em;\n\tright: 1px;\n\tborder-left-width: 2px;\n\n}\n.primaryNav > ul > li:last-child:after {\n\tborder-bottom-width: 0;\n}\n.primaryNav ul ul ul li:before {\n\twidth: calc(50% - 5px) !important;\n\theight: calc(100% - 2px);\n\ttop: -50%;\n\tleft: 0;\n\tborder-left-width: 2px;\n\tborder-bottom-width: 2px;\n\t\n}\n.primaryNav ul ul ul li:first-child:before {\n\theight: 2.125em;\n\ttop: -1px;\n\tborder-top-width: 2px;\n\n}\n.primaryNav ul ul ul:before {\n\twidth: 50%;\n\theight: 1.25em;\n\ttop: -10px;\n\tright: 1px;\n\tborder-left-width: 2px;\n\n}\n.primaryNav ul ul ul li:after {\n\tborder-width: 0;\n}\n.primaryNav ul ul ul ul li:before,\n.primaryNav ul ul ul ul li:first-child:before {\n\tdisplay: none;\n}\n\n.primaryNav ul ul ul ul:before {\n\twidth: 1px;\n\theight: calc(100% + 2.5em);\n\ttop: -2.5em;\n\tleft: 0;\n\tborder-left-width: 2px;\n}\n\n\n.utilityNav {\n\tfloat: right;\n\tmargin-top: 0;\n\tmargin-bottom: -.25em;\n\tmargin-right: 1.25em;\n\tmax-width: 48%;\n\tlist-style-type: none;\n}\n.utilityNav li {\n\tpadding: 0 0 .625em .625em;\n\tdisplay: inline-block;\n}\n\n.utilityNav li a {\n\tdisplay: block;\n\tfont-size: .75em;\n\tfont-weight: 700;\n\tpadding: .75em 1em;\n\tfont-weight: bold;\n\ttext-align: left;\n\tcolor: white;\n\tbackground-color: #6793b3;\n\tborder: 1px solid  rgba(0,0,0,.025);\n\tbox-shadow: 0px 2px 0 rgba(0,0,0,0.15);\n\ttext-shadow: 0 0 10px rgba(0,0,0,.15);\n\ttext-decoration: none;\n}\n.utilityNav li a:hover {\n\tbackground-color: #6793b3;\n}\n.utilityNav li a:link:after,\n.utilityNav li a:visited:after {\n\tcolor: rgba(255,255,255,.75);\n\tfont-size: .75em;\n\tfont-weight: 600;\n\tmargin-top: .25em;\n}\n\n@media screen and (max-width: 30em) {\n\t.primaryNav ul {\n\t\tdisplay: block;\n\t}\n\t.primaryNav li {\n\t\twidth: 100%;\n\t\tpadding-right: 0;\n\t}\n\t.primaryNav #home {\n\t\twidth: 100%;\n\t\tposition: relative;\n\t\tmargin-bottom: -1em;\n\t\tmargin-top: 0;\n\t}\n\t.utilityNav {\n\t\tfloat: none;\n\t\tdisplay: block;\n\t\twidth: 100%;\n\t\ttext-align: right;\n\t\tmargin-bottom: 2.5em;\n\t\tmax-width: 100%;\n\t}\n}\n.celi-organograma{\n    width: 120px;\n    \n}\n\n@media screen and (min-width: 30em) {\n\t.primaryNav > ul > li {\tmax-width: 50%;\t}\n}\n\n@media screen and (min-width: 38.5em) {\n\t.primaryNav > ul > li {\tmax-width: 33%;\t}\n}\n\n@media screen and (min-width: 50em) {\n\t.primaryNav > ul > li {\tmax-width: 25%;\t}\n}\n<\/style>\n\n\n\n<div id=\"container\">\n<nav class=\"primaryNav\">\n\t\t\t<ul>\n\t\t\t\t<li id=\"home\"><a> <img decoding=\"async\" class=\"celi-organograma\" src=\"..\/..\/..\/arquivosfixos\/midia\/logo-white.png\" alt=\"Celi\"><\/a><\/li>\n\t\t\t\t<li><a id=\"projeto\">Projetos<\/a>\n\t\t\t\t\t<ul id=\"projhideshow\">\n\t\t\t\t\t\t<li><a href=\"\"> L\u00ednguas Adicionais<\/a>\n\t\t\t\t\t\t<ul>\n\t\t\t\t\t\t<li><a id=\"ashow\">Lingua Alem\u00e3<\/a>\n\t\t\t\t\t\t\t\n\t\t\t\t\t\t\t<\/li>\n\t\t\t\t\t\t\t<li><a id=\"eshow\" href=\"\">L\u00edngua Espanhola<\/a>\n\t\t\t\t\t       \n\t\t\t\t            <\/li>\n\t\t\t\t\t\t\t\t\n\t\t\t\t\t\t\t\n\t\t\t\t\t\t\t<li><a id=\"ishow\" href=\"\">L\u00edngua Inglesa<\/a>\n\t\t\t\t\t\t\t<\/li>\n\t\t\t\t\t\t\t\n\t\t\t\t\t\t\t<li><a id=\"sshow\" href=\"\">L\u00ednguas Surdas<\/a>\n\t\t\t\t\t\t\t\n\t\t\t\t\t\t\t<\/li>\n\t\t\t\t\t\t\t<\/ul>\n\t\t\t\t\t\t<\/li>\n\t\t\t\t\t\t<li><a href=\"\">Ingl\u00eas no NAE<\/a><\/li>\n\t\t\t\t\t\t<li><a href=\"\">B\u00fassola Acad\u00eamica<\/a><\/li>\n\t\t\t\t\t\t\n\t\t\t\t\t<\/ul>\n\t\t\t\t<\/li>\n\t\t\t\t\n\t\t\t\t<li><a href=\"\"> Outros Projetos<\/a>\n\t\t\t\t    <ul>\n\t\t\t\t        <li><a href=\"\">Olhos Meus<\/a><\/li>\n\t\t\t\t\t\t<li><a href=\"\">Conversas com quem gosta de ensinar<\/a><\/li>\n\t\t\t\t\t\t<li><a href=\"\">Respire, n\u00e3o pire!<\/a><\/li>\n\t\t\t\t\t\t<li><a href=\"\">CELiNFO<\/a><\/li>\n\t\t\t\t    <\/ul>\n\t\t\t\t<\/li>\n\t\t\t\t\t\n\t\t\t\t<li><a href=\"\">Eventos<\/a>\n\t\t\t\t\t<ul>\n\t\t\t\t\t\t<li><a href=\"\">SESINF<\/a><\/li>\n\t\t\t\t\t\t<li><a href=\"\">CEFETalent!<\/a><\/li>\n\t\t\t\t\t\t\n\t\t\t\t\t<\/ul>\n\t\t\t\t<\/li>\n\t\t\t\t<li><a href=\"\">Outras Atividades<\/a>\n\t\t\t\t\t<ul>\n\t\t\t\t\t\t<li><a href=\"\">Oficina de Capacita\u00e7\u00e3o para ledores e audiodescritores<\/a><\/li>\n\t\t\t\t\t\n\t\t\t\t\t<\/ul>\n\t\t\t\t<\/li>\n\t\t\t\t\n\t\t\t        \n\t\t\t\t\t<\/ul>\n\t\t\t\t\n\t\t\t\n\n\t\t<\/nav>\n\t<\/div>\n\t\t\t\t\t\t\t\t<\/div>\n\t\t\t\t<\/div>\n\t\t\t\t\t<\/div>\n\t\t<\/div>\n\t\t\t\t\t<\/div>\n\t\t<\/section>\n\t\t\t\t<\/div>\n\t\t","protected":false},"excerpt":{"rendered":"<p>Projetos L\u00ednguas Adicionais Lingua Alem\u00e3 L\u00edngua Espanhola L\u00edngua Inglesa L\u00ednguas Surdas Ingl\u00eas no NAE B\u00fassola Acad\u00eamica Outros Projetos Olhos Meus Conversas com quem gosta de ensinar Respire, n\u00e3o pire! CELiNFO Eventos SESINF CEFETalent! Outras Atividades Oficina de Capacita\u00e7\u00e3o para ledores e audiodescritores Menu \u00daltimas Not\u00edcias Quem Somos Hist\u00f3rico Filosofia do CELi Objetivos P\u00fablico-Alvo Estat\u00edsticas Organograma [&hellip;]<\/p>\n","protected":false},"author":1,"featured_media":0,"parent":922,"menu_order":0,"comment_status":"closed","ping_status":"closed","template":"","meta":{"footnotes":""},"class_list":["post-991","page","type-page","status-publish","hentry","entry"],"_links":{"self":[{"href":"https:\/\/celi.cefet-rj.br\/index.php?rest_route=\/wp\/v2\/pages\/991","targetHints":{"allow":["GET"]}}],"collection":[{"href":"https:\/\/celi.cefet-rj.br\/index.php?rest_route=\/wp\/v2\/pages"}],"about":[{"href":"https:\/\/celi.cefet-rj.br\/index.php?rest_route=\/wp\/v2\/types\/page"}],"author":[{"embeddable":true,"href":"https:\/\/celi.cefet-rj.br\/index.php?rest_route=\/wp\/v2\/users\/1"}],"replies":[{"embeddable":true,"href":"https:\/\/celi.cefet-rj.br\/index.php?rest_route=%2Fwp%2Fv2%2Fcomments&post=991"}],"version-history":[{"count":13,"href":"https:\/\/celi.cefet-rj.br\/index.php?rest_route=\/wp\/v2\/pages\/991\/revisions"}],"predecessor-version":[{"id":1429,"href":"https:\/\/celi.cefet-rj.br\/index.php?rest_route=\/wp\/v2\/pages\/991\/revisions\/1429"}],"up":[{"embeddable":true,"href":"https:\/\/celi.cefet-rj.br\/index.php?rest_route=\/wp\/v2\/pages\/922"}],"wp:attachment":[{"href":"https:\/\/celi.cefet-rj.br\/index.php?rest_route=%2Fwp%2Fv2%2Fmedia&parent=991"}],"curies":[{"name":"wp","href":"https:\/\/api.w.org\/{rel}","templated":true}]}}